{"id":497,"date":"2024-10-24T11:17:09","date_gmt":"2024-10-24T11:17:09","guid":{"rendered":"http:\/\/the54digital.com\/services\/"},"modified":"2025-01-03T10:11:39","modified_gmt":"2025-01-03T10:11:39","slug":"services","status":"publish","type":"page","link":"https:\/\/the54digital.com\/en\/services\/","title":{"rendered":"Services"},"content":{"rendered":"<div class=\"wp-block-uagb-container uagb-block-cef93154 alignfull uagb-is-root-container\"><div class=\"uagb-container-inner-blocks-wrap\">\n<div class=\"wp-block-uagb-advanced-heading uagb-block-ee43a231\"><h1 class=\"uagb-heading-text\">Services<\/h1><\/div>\n\n\n\n<div class=\"wp-block-uagb-info-box uagb-block-2aecac92 uagb-infobox__content-wrap  uagb-infobox-icon-above-title uagb-infobox-image-valign-top\"><div class=\"uagb-ifb-content\"><div class=\"uagb-ifb-title-wrap\"><p class=\"uagb-ifb-title\">With 54 Digital, transform your digital ambitions into measurable success. Through\nour strategic approach, we help you achieve tangible results, whether in terms of\nbrand awareness, conversions, or customer retention.<\/p><\/div><\/div><\/div>\n<\/div><\/div>\n\n\n\n<div class=\"wp-block-uagb-container uagb-block-amt2yejg alignfull uagb-is-root-container\"><div class=\"uagb-container-inner-blocks-wrap\">\n<div class=\"wp-block-uagb-container uagb-block-b6b083c6 alignfull uagb-is-root-container\"><div class=\"uagb-container-inner-blocks-wrap\">\n<div class=\"wp-block-uagb-info-box uagb-block-876efff4 uagb-infobox__content-wrap  uagb-infobox-icon-above-title uagb-infobox-image-valign-top\"><div class=\"uagb-ifb-content\"><div class=\"uagb-ifb-title-wrap\"><h3 class=\"uagb-ifb-title\"><strong>A Strategic Partner for Your Digital Transition <\/strong><\/h3><\/div><\/div><\/div>\n\n\n\n\n\n<div class=\"wp-block-uagb-info-box uagb-block-2989457b uagb-infobox__content-wrap  uagb-infobox-icon-above-title uagb-infobox-image-valign-top\"><div class=\"uagb-ifb-content\"><div class=\"uagb-ifb-title-wrap\"><\/div><p class=\"uagb-ifb-desc\">We combine innovation, expertise, and data analysis to ensure your digital initiatives\nseamlessly integrate with your company\u2019s overall strategy.<br>54 Digital supports you from strategy development to implementation, designing\nplans tailored to your specific needs and business objectives.<\/p><\/div><\/div>\n<\/div><\/div>\n\n\n\n<div class=\"wp-block-uagb-container uagb-block-a0954989 alignfull uagb-is-root-container\"><div class=\"uagb-container-inner-blocks-wrap\">\n\n\n<div class=\"wp-block-uagb-info-box uagb-block-e0f169b5 uagb-infobox__content-wrap  uagb-infobox-icon-above-title uagb-infobox-image-valign-top\"><div class=\"uagb-ifb-content\"><div class=\"uagb-ifb-title-wrap\"><h3 class=\"uagb-ifb-title\"><strong>A Dedicated Team, a Tailored Approach <\/strong><\/h3><\/div><\/div><\/div>\n\n\n\n<div class=\"wp-block-uagb-info-box uagb-block-30e57232 uagb-infobox__content-wrap  uagb-infobox-icon-above-title uagb-infobox-image-valign-top\"><div class=\"uagb-ifb-content\"><div class=\"uagb-ifb-title-wrap\"><\/div><p class=\"uagb-ifb-desc\">Our mission is to become a natural extension of your digital marketing team. We\ndon\u2019t offer one-size-fits-all solutions but craft strategies uniquely designed for your\nbrand, goals, and market. With 54 Digital, every campaign is continuously optimized\nto ensure performance aligns with your KPIs and supports your growth.<\/p><\/div><\/div>\n<\/div><\/div>\n\n\n\n<div class=\"wp-block-uagb-container uagb-block-797788a1 alignfull uagb-is-root-container\"><div class=\"uagb-container-inner-blocks-wrap\">\n\n\n<div class=\"wp-block-uagb-info-box uagb-block-35b8e380 uagb-infobox__content-wrap  uagb-infobox-icon-above-title uagb-infobox-image-valign-top\"><div class=\"uagb-ifb-content\"><div class=\"uagb-ifb-title-wrap\"><h3 class=\"uagb-ifb-title\"><strong>Support, Guidance, and Training<\/strong><\/h3><\/div><\/div><\/div>\n\n\n\n<div class=\"wp-block-uagb-info-box uagb-block-152528ca uagb-infobox__content-wrap  uagb-infobox-icon-above-title uagb-infobox-image-valign-top\"><div class=\"uagb-ifb-content\"><div class=\"uagb-ifb-title-wrap\"><\/div><p class=\"uagb-ifb-desc\">We go far beyond simple campaign management: 54 Digital is committed to\nempowering your internal teams through training and ongoing support.<br>Our goal? A comprehensive approach that enables you to effectively optimize and\nmanage your own marketing strategies with the expertise and tools tailored to your\nneeds.<\/p><\/div><\/div>\n<\/div><\/div>\n<\/div><\/div>\n\n\n\n<div class=\"wp-block-uagb-container uagb-block-lpeth2th alignfull uagb-is-root-container\"><div class=\"uagb-container-inner-blocks-wrap\">\n<div class=\"wp-block-uagb-image alignleft uagb-block-maj0mqmi wp-block-uagb-image--layout-default wp-block-uagb-image--effect-static wp-block-uagb-image--align-left\"><figure class=\"wp-block-uagb-image__figure\"><img decoding=\"async\" srcset=\"https:\/\/the54digital.com\/wp-content\/uploads\/2024\/11\/68568d21fbaa93969cb5c8125a5d0949-683x1024.jpg ,https:\/\/the54digital.com\/wp-content\/uploads\/2024\/11\/68568d21fbaa93969cb5c8125a5d0949.jpg 780w, https:\/\/the54digital.com\/wp-content\/uploads\/2024\/11\/68568d21fbaa93969cb5c8125a5d0949.jpg 360w\" sizes=\"(max-width: 480px) 150px\" src=\"https:\/\/the54digital.com\/wp-content\/uploads\/2024\/11\/68568d21fbaa93969cb5c8125a5d0949-683x1024.jpg\" alt=\"\" class=\"uag-image-1496\" width=\"564\" height=\"450\" title=\"68568d21fbaa93969cb5c8125a5d0949\" loading=\"lazy\" role=\"img\"\/><\/figure><\/div>\n\n\n\n<div class=\"wp-block-uagb-container uagb-block-dcf1a62e\">\n<div class=\"wp-block-uagb-info-box uagb-block-y9qrigiy uagb-infobox__content-wrap  uagb-infobox-icon-above-title uagb-infobox-image-valign-top\"><div class=\"uagb-ifb-content\"><div class=\"uagb-ifb-title-wrap\"><h2 class=\"uagb-ifb-title\"><strong>Strategy<\/strong><\/h2><\/div><\/div><\/div>\n\n\n\n<div class=\"wp-block-uagb-info-box uagb-block-d395429a uagb-infobox__content-wrap  uagb-infobox-icon-above-title uagb-infobox-image-valign-top\"><div class=\"uagb-ifb-content\"><div class=\"uagb-ifb-title-wrap\"><h5 class=\"uagb-ifb-title-prefix\">A 360\u00b0 Vision to Drive Your Growth<\/h5><\/div><\/div><\/div>\n\n\n\n<div class=\"wp-block-uagb-info-box uagb-block-7db08573 uagb-infobox__content-wrap  uagb-infobox-icon-above-title uagb-infobox-image-valign-top\"><div class=\"uagb-ifb-content\"><div class=\"uagb-ifb-title-wrap\"><\/div><p class=\"uagb-ifb-desc\">With 54 Digital, transform your digital ambitions into measurable success. Through\nour strategic approach, we help you achieve tangible results, whether in terms of\nbrand awareness, conversions, or customer retention.<\/p><\/div><\/div>\n<\/div>\n<\/div><\/div>\n\n\n\n<div class=\"wp-block-uagb-container uagb-block-xin3azci alignfull uagb-is-root-container\"><div class=\"uagb-container-inner-blocks-wrap\">\n<div class=\"wp-block-uagb-container uagb-block-n7uzensi\">\n<div class=\"wp-block-uagb-info-box uagb-block-y4e1xxiy uagb-infobox__content-wrap  uagb-infobox-icon-above-title uagb-infobox-image-valign-top\"><div class=\"uagb-ifb-content\"><div class=\"uagb-ifb-title-wrap\"><h2 class=\"uagb-ifb-title\">Result-Oriented Strategies <strong>for Superior Performance<\/strong><\/h2><\/div><p class=\"uagb-ifb-desc\">To drive conversions, improve your ROI, and maximize engagement, we implement\neffective multichannel campaigns:<\/p><\/div><\/div>\n\n\n\n<div class=\"wp-block-uagb-info-box uagb-block-5izqisrr uagb-infobox__content-wrap  uagb-infobox-icon-left uagb-infobox-left uagb-infobox-image-valign-top\"><div class=\"uagb-ifb-content\"><div class=\"uagb-ifb-title-wrap\"><h4 class=\"uagb-ifb-title\">Paid Search (SEA)<\/h4><\/div><p class=\"uagb-ifb-desc\">Whether through search engine ads, display advertising, or shopping campaigns, our\nexpertise in SEA ensures increased visibility and high-quality traffic.<\/p><\/div><\/div>\n\n\n\n<div class=\"wp-block-uagb-info-box uagb-block-7e430cd4 uagb-infobox__content-wrap  uagb-infobox-icon-left uagb-infobox-left uagb-infobox-image-valign-top\"><div class=\"uagb-ifb-content\"><div class=\"uagb-ifb-title-wrap\"><h4 class=\"uagb-ifb-title\">Search Engine Optimization (SEO)<\/h4><\/div><p class=\"uagb-ifb-desc\">Boost your organic presence sustainably with a comprehensive SEO strategy that\nincludes high-quality content, semantic optimization, and link building.<\/p><\/div><\/div>\n\n\n\n<div class=\"wp-block-uagb-info-box uagb-block-a0f2e096 uagb-infobox__content-wrap  uagb-infobox-icon-left uagb-infobox-left uagb-infobox-image-valign-top\"><div class=\"uagb-ifb-content\"><div class=\"uagb-ifb-title-wrap\"><h4 class=\"uagb-ifb-title\">Social Media Advertising<\/h4><\/div><p class=\"uagb-ifb-desc\">Leverage our social media expertise to reach your audience on Facebook, Instagram,\nand LinkedIn with targeted and impactful campaigns.<\/p><\/div><\/div>\n<\/div>\n\n\n\n<div class=\"wp-block-uagb-image alignleft uagb-block-5mtveqad wp-block-uagb-image--layout-default wp-block-uagb-image--effect-static wp-block-uagb-image--align-left\"><figure class=\"wp-block-uagb-image__figure\"><img decoding=\"async\" srcset=\"https:\/\/the54digital.com\/wp-content\/uploads\/2024\/11\/416498d2f070fb79026449720125e406.jpg ,https:\/\/the54digital.com\/wp-content\/uploads\/2024\/11\/416498d2f070fb79026449720125e406.jpg 780w, https:\/\/the54digital.com\/wp-content\/uploads\/2024\/11\/416498d2f070fb79026449720125e406.jpg 360w\" sizes=\"(max-width: 480px) 150px\" src=\"https:\/\/the54digital.com\/wp-content\/uploads\/2024\/11\/416498d2f070fb79026449720125e406.jpg\" alt=\"\" class=\"uag-image-1498\" width=\"564\" height=\"450\" title=\"416498d2f070fb79026449720125e406\" loading=\"lazy\" role=\"img\"\/><\/figure><\/div>\n<\/div><\/div>\n\n\n\n<div class=\"wp-block-uagb-container uagb-block-86bf467c alignfull uagb-is-root-container\"><div class=\"uagb-container-inner-blocks-wrap\">\n<div class=\"wp-block-uagb-image alignleft uagb-block-67d08ee5 wp-block-uagb-image--layout-default wp-block-uagb-image--effect-static wp-block-uagb-image--align-left\"><figure class=\"wp-block-uagb-image__figure\"><img decoding=\"async\" srcset=\"https:\/\/the54digital.com\/wp-content\/uploads\/2024\/11\/a215a8020f50f6cc0e56f05ebf0f1157.jpg ,https:\/\/the54digital.com\/wp-content\/uploads\/2024\/11\/a215a8020f50f6cc0e56f05ebf0f1157.jpg 780w, https:\/\/the54digital.com\/wp-content\/uploads\/2024\/11\/a215a8020f50f6cc0e56f05ebf0f1157.jpg 360w\" sizes=\"(max-width: 480px) 150px\" src=\"https:\/\/the54digital.com\/wp-content\/uploads\/2024\/11\/a215a8020f50f6cc0e56f05ebf0f1157.jpg\" alt=\"\" class=\"uag-image-1499\" width=\"564\" height=\"450\" title=\"a215a8020f50f6cc0e56f05ebf0f1157\" loading=\"lazy\" role=\"img\"\/><\/figure><\/div>\n\n\n\n<div class=\"wp-block-uagb-container uagb-block-54d65bd1\">\n<div class=\"wp-block-uagb-info-box uagb-block-882dcb34 uagb-infobox__content-wrap  uagb-infobox-icon-above-title uagb-infobox-image-valign-top\"><div class=\"uagb-ifb-content\"><div class=\"uagb-ifb-title-wrap\"><h2 class=\"uagb-ifb-title\"><strong>Turn Your Brand into a Major Player <\/strong><\/h2><\/div><\/div><\/div>\n\n\n\n<div class=\"wp-block-uagb-info-box uagb-block-69ed35c3 uagb-infobox__content-wrap  uagb-infobox-icon-above-title uagb-infobox-image-valign-top\"><div class=\"uagb-ifb-content\"><div class=\"uagb-ifb-title-wrap\"><h5 class=\"uagb-ifb-title-prefix\">Turn Your Brand into a Major Player<\/h5><\/div><p class=\"uagb-ifb-desc\">Looking to establish your brand or strengthen its reputation? At 54 Digital, we strive\nto make your brand a point of reference for your audience. Our campaigns foster\ngenuine and meaningful interactions, enabling your brand to build a trusted\nrelationship with its audience, beyond mere visibility.<\/p><\/div><\/div>\n<\/div>\n<\/div><\/div>\n\n\n\n<div class=\"wp-block-uagb-container uagb-block-95c4766f alignfull uagb-is-root-container\"><div class=\"uagb-container-inner-blocks-wrap\">\n<div class=\"wp-block-uagb-container uagb-block-87559088\">\n<div class=\"wp-block-uagb-info-box uagb-block-8a94c79a uagb-infobox__content-wrap  uagb-infobox-icon-above-title uagb-infobox-image-valign-top\"><div class=\"uagb-ifb-content\"><div class=\"uagb-ifb-title-wrap\"><h2 class=\"uagb-ifb-title\"><strong>Drive Traffic to Your Stores<\/strong><\/h2><\/div><\/div><\/div>\n\n\n\n<div class=\"wp-block-uagb-info-box uagb-block-14102d09 uagb-infobox__content-wrap  uagb-infobox-icon-above-title uagb-infobox-image-valign-top\"><div class=\"uagb-ifb-content\"><div class=\"uagb-ifb-title-wrap\"><\/div><p class=\"uagb-ifb-desc\">Leverage digital tools to generate physical foot traffic with our -Drive to Store-\nstrategies. We use geolocation tools and local platforms (like Waze) to attract\nconsumers to your retail locations. Through targeted messaging and dynamic\nlocalization, we convert digital intent into concrete action, boosting your in-store\nsales.<\/p><\/div><\/div>\n<\/div>\n\n\n\n<div class=\"wp-block-uagb-image alignleft uagb-block-a58b484f wp-block-uagb-image--layout-default wp-block-uagb-image--effect-static wp-block-uagb-image--align-left\"><figure class=\"wp-block-uagb-image__figure\"><img decoding=\"async\" srcset=\"https:\/\/the54digital.com\/wp-content\/uploads\/2024\/11\/pexels-dbaler-13753893-1024x683.jpg ,https:\/\/the54digital.com\/wp-content\/uploads\/2024\/11\/pexels-dbaler-13753893-scaled.jpg 780w, https:\/\/the54digital.com\/wp-content\/uploads\/2024\/11\/pexels-dbaler-13753893-scaled.jpg 360w\" sizes=\"(max-width: 480px) 150px\" src=\"https:\/\/the54digital.com\/wp-content\/uploads\/2024\/11\/pexels-dbaler-13753893-1024x683.jpg\" alt=\"\" class=\"uag-image-1500\" width=\"564\" height=\"450\" title=\"pexels-dbaler-13753893\" loading=\"lazy\" role=\"img\"\/><\/figure><\/div>\n<\/div><\/div>\n\n\n\n<div class=\"wp-block-uagb-container uagb-block-313948cb alignfull uagb-is-root-container\"><div class=\"uagb-container-inner-blocks-wrap\">\n<div class=\"wp-block-uagb-image alignleft uagb-block-17d37743 wp-block-uagb-image--layout-default wp-block-uagb-image--effect-static wp-block-uagb-image--align-left\"><figure class=\"wp-block-uagb-image__figure\"><img decoding=\"async\" srcset=\"https:\/\/the54digital.com\/wp-content\/uploads\/2024\/11\/15a7b2605bfdff6c27a8a8dbac9e604c-edited.jpg ,https:\/\/the54digital.com\/wp-content\/uploads\/2024\/11\/15a7b2605bfdff6c27a8a8dbac9e604c.jpg 780w, https:\/\/the54digital.com\/wp-content\/uploads\/2024\/11\/15a7b2605bfdff6c27a8a8dbac9e604c.jpg 360w\" sizes=\"(max-width: 480px) 150px\" src=\"https:\/\/the54digital.com\/wp-content\/uploads\/2024\/11\/15a7b2605bfdff6c27a8a8dbac9e604c-edited.jpg\" alt=\"\" class=\"uag-image-1502\" width=\"564\" height=\"450\" title=\"15a7b2605bfdff6c27a8a8dbac9e604c\" loading=\"lazy\" role=\"img\"\/><\/figure><\/div>\n\n\n\n<div class=\"wp-block-uagb-container uagb-block-e7b55036\">\n<div class=\"wp-block-uagb-info-box uagb-block-4c1f775c uagb-infobox__content-wrap  uagb-infobox-icon-above-title uagb-infobox-image-valign-top\"><div class=\"uagb-ifb-content\"><div class=\"uagb-ifb-title-wrap\"><h2 class=\"uagb-ifb-title\"><strong>Qualified Leads to Fuel Your Growth <\/strong><\/h2><\/div><\/div><\/div>\n\n\n\n<div class=\"wp-block-uagb-info-box uagb-block-85b4608d uagb-infobox__content-wrap  uagb-infobox-icon-above-title uagb-infobox-image-valign-top\"><div class=\"uagb-ifb-content\"><div class=\"uagb-ifb-title-wrap\"><\/div><p class=\"uagb-ifb-desc\">To build a base of qualified prospects, we design campaigns with integrated forms\n(landing pages, etc.) and calls-to-action across platforms like Google Ads, LinkedIn,\nFacebook, and Instagram. This approach not only generates high-quality leads but\nalso builds a valuable database for your future marketing efforts.<\/p><\/div><\/div>\n<\/div>\n<\/div><\/div>\n\n\n\n<div class=\"wp-block-uagb-container uagb-block-51eca366 alignfull uagb-is-root-container\"><div class=\"uagb-container-inner-blocks-wrap\">\n<div class=\"wp-block-uagb-container uagb-block-851c72b7\">\n<div class=\"wp-block-uagb-info-box uagb-block-a3a6013e uagb-infobox__content-wrap  uagb-infobox-icon-above-title uagb-infobox-image-valign-top\"><div class=\"uagb-ifb-content\"><div class=\"uagb-ifb-title-wrap\"><h2 class=\"uagb-ifb-title\"><strong>Maximisez les Installations et la Visibilit\u00e9 de votre<br>Application<\/strong><\/h2><\/div><\/div><\/div>\n\n\n\n<div class=\"wp-block-uagb-info-box uagb-block-ab405b96 uagb-infobox__content-wrap  uagb-infobox-icon-above-title uagb-infobox-image-valign-top\"><div class=\"uagb-ifb-content\"><div class=\"uagb-ifb-title-wrap\"><\/div><p class=\"uagb-ifb-desc\">Vous souhaitez propulser votre application au sein de votre cible ? 54 Digital con\u00e7oit des campagnes optimis\u00e9es pour augmenter le nombre d&rsquo;installations et l&rsquo;engagement utilisateur. En tirant parti d&rsquo;une approche strat\u00e9gique et de messages percutants, nous garantissons \u00e0 votre application la visibilit\u00e9 et le succ\u00e8s escompt\u00e9s.<\/p><\/div><\/div>\n<\/div>\n\n\n\n<div class=\"wp-block-uagb-image alignleft uagb-block-919c08ca wp-block-uagb-image--layout-default wp-block-uagb-image--effect-static wp-block-uagb-image--align-left\"><figure class=\"wp-block-uagb-image__figure\"><img decoding=\"async\" srcset=\"https:\/\/the54digital.com\/wp-content\/uploads\/2024\/11\/0ff12b84db503a4bf7bdb252ec03c968.jpg ,https:\/\/the54digital.com\/wp-content\/uploads\/2024\/11\/0ff12b84db503a4bf7bdb252ec03c968.jpg 780w, https:\/\/the54digital.com\/wp-content\/uploads\/2024\/11\/0ff12b84db503a4bf7bdb252ec03c968.jpg 360w\" sizes=\"(max-width: 480px) 150px\" src=\"https:\/\/the54digital.com\/wp-content\/uploads\/2024\/11\/0ff12b84db503a4bf7bdb252ec03c968.jpg\" alt=\"\" class=\"uag-image-1503\" width=\"564\" height=\"450\" title=\"Woman using a smartphone social media conecpt\" loading=\"lazy\" role=\"img\"\/><\/figure><\/div>\n<\/div><\/div>","protected":false},"excerpt":{"rendered":"<p>Services<\/p>","protected":false},"author":1,"featured_media":0,"parent":0,"menu_order":0,"comment_status":"closed","ping_status":"closed","template":"","meta":{"_uag_custom_page_level_css":"","site-sidebar-layout":"no-sidebar","site-content-layout":"plain-container","ast-site-content-layout":"normal-width-container","site-content-style":"unboxed","site-sidebar-style":"unboxed","ast-global-header-display":"","ast-banner-title-visibility":"","ast-main-header-display":"","ast-hfb-above-header-display":"","ast-hfb-below-header-display":"","ast-hfb-mobile-header-display":"","site-post-title":"disabled","ast-breadcrumbs-content":"","ast-featured-img":"disabled","footer-sml-layout":"","ast-disable-related-posts":"","theme-transparent-header-meta":"enabled","adv-header-id-meta":"","stick-header-meta":"","header-above-stick-meta":"","header-main-stick-meta":"","header-below-stick-meta":"","astra-migrate-meta-layouts":"set","ast-page-background-enabled":"default","ast-page-background-meta":{"desktop":{"background-color":"var(--ast-global-color-5)","background-image":"","background-repeat":"repeat","background-position":"center center","background-size":"auto","background-attachment":"scroll","background-type":"","background-media":"","overlay-type":"","overlay-color":"","overlay-opacity":"","overlay-gradient":""},"tablet":{"background-color":"","background-image":"","background-repeat":"repeat","background-position":"center center","background-size":"auto","background-attachment":"scroll","background-type":"","background-media":"","overlay-type":"","overlay-color":"","overlay-opacity":"","overlay-gradient":""},"mobile":{"background-color":"","background-image":"","background-repeat":"repeat","background-position":"center center","background-size":"auto","background-attachment":"scroll","background-type":"","background-media":"","overlay-type":"","overlay-color":"","overlay-opacity":"","overlay-gradient":""}},"ast-content-background-meta":{"desktop":{"background-color":"var(--ast-global-color-4)","background-image":"","background-repeat":"repeat","background-position":"center center","background-size":"auto","background-attachment":"scroll","background-type":"","background-media":"","overlay-type":"","overlay-color":"","overlay-opacity":"","overlay-gradient":""},"tablet":{"background-color":"var(--ast-global-color-4)","background-image":"","background-repeat":"repeat","background-position":"center center","background-size":"auto","background-attachment":"scroll","background-type":"","background-media":"","overlay-type":"","overlay-color":"","overlay-opacity":"","overlay-gradient":""},"mobile":{"background-color":"var(--ast-global-color-4)","background-image":"","background-repeat":"repeat","background-position":"center center","background-size":"auto","background-attachment":"scroll","background-type":"","background-media":"","overlay-type":"","overlay-color":"","overlay-opacity":"","overlay-gradient":""}},"footnotes":""},"class_list":["post-497","page","type-page","status-publish","hentry"],"aioseo_notices":[],"uagb_featured_image_src":{"full":false,"thumbnail":false,"medium":false,"medium_large":false,"large":false,"1536x1536":false,"2048x2048":false,"trp-custom-language-flag":false},"uagb_author_info":{"display_name":"elhaddaji.iliass@gmail.com","author_link":"https:\/\/the54digital.com\/en\/author\/elhaddaji-iliassgmail-com\/"},"uagb_comment_info":0,"uagb_excerpt":"Services","_links":{"self":[{"href":"https:\/\/the54digital.com\/en\/wp-json\/wp\/v2\/pages\/497"}],"collection":[{"href":"https:\/\/the54digital.com\/en\/wp-json\/wp\/v2\/pages"}],"about":[{"href":"https:\/\/the54digital.com\/en\/wp-json\/wp\/v2\/types\/page"}],"author":[{"embeddable":true,"href":"https:\/\/the54digital.com\/en\/wp-json\/wp\/v2\/users\/1"}],"replies":[{"embeddable":true,"href":"https:\/\/the54digital.com\/en\/wp-json\/wp\/v2\/comments?post=497"}],"version-history":[{"count":38,"href":"https:\/\/the54digital.com\/en\/wp-json\/wp\/v2\/pages\/497\/revisions"}],"predecessor-version":[{"id":1773,"href":"https:\/\/the54digital.com\/en\/wp-json\/wp\/v2\/pages\/497\/revisions\/1773"}],"wp:attachment":[{"href":"https:\/\/the54digital.com\/en\/wp-json\/wp\/v2\/media?parent=497"}],"curies":[{"name":"wp","href":"https:\/\/api.w.org\/{rel}","templated":true}]}}