{"id":1208,"date":"2024-10-24T12:58:14","date_gmt":"2024-10-24T12:58:14","guid":{"rendered":"https:\/\/the54digital.com\/?page_id=1208"},"modified":"2024-11-27T18:01:01","modified_gmt":"2024-11-27T18:01:01","slug":"referencement-payant","status":"publish","type":"page","link":"https:\/\/the54digital.com\/en\/referencement-payant\/","title":{"rendered":"R\u00e9f\u00e9rencement Payant"},"content":{"rendered":"<div class=\"wp-block-uagb-container uagb-block-aeezsx6y alignfull uagb-is-root-container\"><div class=\"uagb-container-inner-blocks-wrap\">\n<div class=\"wp-block-uagb-info-box uagb-block-l2t1zz3y uagb-infobox__content-wrap  uagb-infobox-icon-above-title uagb-infobox-image-valign-top\"><div class=\"uagb-ifb-content\"><div class=\"uagb-ifb-title-wrap\"><span class=\"uagb-ifb-title-prefix\"><strong><br><br>Maximisez Votre Visibilit\u00e9 en Ligne avec le R\u00e9f\u00e9rencement Payant<\/strong><br><\/span><h1 class=\"uagb-ifb-title\">Maximize Your Online Visibility with SEA<\/h1><\/div><\/div><\/div>\n<\/div><\/div>\n\n\n\n<div class=\"wp-block-uagb-container uagb-block-8a451bea alignfull uagb-is-root-container\"><div class=\"uagb-container-inner-blocks-wrap\">\n<div class=\"wp-block-uagb-info-box uagb-block-dc403bbc uagb-infobox__content-wrap  uagb-infobox-icon-above-title uagb-infobox-image-valign-top\"><div class=\"uagb-ifb-content\"><div class=\"uagb-ifb-title-wrap\"><h2 class=\"uagb-ifb-title\"><strong>Why Choose Paid Search Advertising?<\/strong><\/h2><\/div><p class=\"uagb-ifb-desc\">In a world where customer journeys often begin with an online search, digital\nadvertising is a crucial lever to boost your visibility. By choosing a paid search\ncampaign, particularly through Google Ads, you directly reach users actively\nsearching for products or services similar to yours.<\/p><\/div><\/div>\n<\/div><\/div>\n\n\n\n<div class=\"wp-block-uagb-container uagb-block-fad0b08a alignfull uagb-is-root-container\"><div class=\"uagb-container-inner-blocks-wrap\">\n<div class=\"wp-block-uagb-container uagb-block-784187d5\">\n<div class=\"wp-block-uagb-image uagb-block-4999e794 wp-block-uagb-image--layout-default wp-block-uagb-image--effect-static wp-block-uagb-image--align-none\"><figure class=\"wp-block-uagb-image__figure\"><img decoding=\"async\" srcset=\"https:\/\/the54digital.com\/wp-content\/uploads\/2024\/11\/71586ab3e90e6bd3f157d048c578a809.jpg ,https:\/\/the54digital.com\/wp-content\/uploads\/2024\/11\/71586ab3e90e6bd3f157d048c578a809.jpg 780w, https:\/\/the54digital.com\/wp-content\/uploads\/2024\/11\/71586ab3e90e6bd3f157d048c578a809.jpg 360w\" sizes=\"(max-width: 480px) 150px\" src=\"https:\/\/the54digital.com\/wp-content\/uploads\/2024\/11\/71586ab3e90e6bd3f157d048c578a809.jpg\" alt=\"\" class=\"uag-image-1505\" width=\"567\" height=\"299\" title=\"71586ab3e90e6bd3f157d048c578a809\" loading=\"lazy\" role=\"img\"\/><\/figure><\/div>\n<\/div>\n\n\n\n<div class=\"wp-block-uagb-container uagb-block-85cc40fb\">\n<div class=\"wp-block-uagb-info-box uagb-block-e9f7a938 uagb-infobox__content-wrap  uagb-infobox-icon-above-title uagb-infobox-image-valign-top\"><div class=\"uagb-ifb-content\"><div class=\"uagb-ifb-title-wrap\"><h2 class=\"uagb-ifb-title\">The Benefits of Google Ads for Your Advertising Campaigns<\/h2><\/div><p class=\"uagb-ifb-desc\">Google Ads stands out for its ability to reach a vast audience, not only through search\nresults but also on platforms like YouTube and Gmail. With over 90% market share,\nGoogle Ads enables you to precisely target your prospects based on their search\nintent, amplifying the impact of your messages.<\/p><\/div><\/div>\n<\/div>\n<\/div><\/div>\n\n\n\n<div class=\"wp-block-uagb-container uagb-block-ea6b79b3 alignfull uagb-is-root-container\"><div class=\"uagb-container-inner-blocks-wrap\">\n<div class=\"wp-block-uagb-info-box uagb-block-92f380f1 uagb-infobox__content-wrap  uagb-infobox-icon-above-title uagb-infobox-image-valign-top\"><div class=\"uagb-ifb-content\"><div class=\"uagb-ifb-title-wrap\"><h2 class=\"uagb-ifb-title\"><strong>How Does SEA Work?<\/strong><\/h2><\/div><p class=\"uagb-ifb-desc\">Paid search advertising operates on the purchase of specific keywords and a cost-\nper-click (CPC) model, where you only pay when someone clicks on your ad. Selecting\nkeywords relevant to your business is a critical step. Once chosen, these keywords\nenable the creation of targeted ads that direct visitors to optimized landing pages\ndesigned to convert.<\/p><\/div><\/div>\n\n\n\n<div class=\"wp-block-uagb-info-box uagb-block-213c1f08 uagb-infobox__content-wrap  uagb-infobox-icon-above-title uagb-infobox-image-valign-top\"><div class=\"uagb-ifb-content\"><div class=\"uagb-ifb-title-wrap\"><h3 class=\"uagb-ifb-title\"><strong>Key Elements for a Successful Campaign<\/strong><\/h3><\/div><p class=\"uagb-ifb-desc\">To ensure the effectiveness of your SEA strategy, consider these essential points:<\/p><\/div><\/div>\n\n\n\n<div class=\"wp-block-uagb-content-timeline uagb-timeline__outer-wrap uagb-block-01f405ab uagb-timeline__content-wrap uagb-timeline__center-block  uagb-timeline__arrow-top uagb-timeline\">\n<article class=\"wp-block-uagb-content-timeline-child uagb-timeline__field uagb-timeline-child-381daddc uagb-timeline__right\"><div class=\"uagb-timeline__marker out-view-uagb-timeline__icon\"><svg xmlns=\"\" viewbox=\"0 0 256 512\"><\/svg><\/div><div class=\"uagb-timeline__day-new uagb-timeline__day-right uagb-timeline__events-inner-new\"><div class=\"uagb-timeline__events-inner--content\"><h4 class=\"uagb-timeline__heading\">Keyword Selection<\/h4><p class=\"uagb-timeline-desc-content\">Choose precise keywords that are well-suited to your target audience.<\/p><div class=\"uagb-timeline__arrow\"><\/div><\/div><\/div><div class=\"uagb-timeline__date-new\"><\/div><\/article>\n\n\n\n<article class=\"wp-block-uagb-content-timeline-child uagb-timeline__field uagb-timeline-child-6350b9b3 uagb-timeline__left\"><div class=\"uagb-timeline__marker out-view-uagb-timeline__icon\"><svg xmlns=\"\" viewbox=\"0 0 256 512\"><\/svg><\/div><div class=\"uagb-timeline__day-new uagb-timeline__day-left uagb-timeline__events-inner-new\"><div class=\"uagb-timeline__events-inner--content\"><h4 class=\"uagb-timeline__heading\">Ad Creation<\/h4><p class=\"uagb-timeline-desc-content\">Craft compelling messages that align with the platform\u2019s standards.<\/p><div class=\"uagb-timeline__arrow\"><\/div><\/div><\/div><div class=\"uagb-timeline__date-new\"><\/div><\/article>\n\n\n\n<article class=\"wp-block-uagb-content-timeline-child uagb-timeline__field uagb-timeline-child-dd61aa37 uagb-timeline__right\"><div class=\"uagb-timeline__marker out-view-uagb-timeline__icon\"><svg xmlns=\"\" viewbox=\"0 0 256 512\"><\/svg><\/div><div class=\"uagb-timeline__day-new uagb-timeline__day-right uagb-timeline__events-inner-new\"><div class=\"uagb-timeline__events-inner--content\"><h4 class=\"uagb-timeline__heading\">Landing Page Optimization<\/h4><p class=\"uagb-timeline-desc-content\">Offer engaging content directly connected to your ads to maximize\nconversions.<\/p><div class=\"uagb-timeline__arrow\"><\/div><\/div><\/div><div class=\"uagb-timeline__date-new\"><\/div><\/article>\n<div class=\"uagb-timeline__line\"><div class=\"uagb-timeline__line__inner\"><\/div><\/div><\/div>\n\n\n\n<div class=\"wp-block-uagb-info-box uagb-block-6a729fc9 uagb-infobox__content-wrap  uagb-infobox-icon-above-title uagb-infobox-image-valign-top\"><div class=\"uagb-ifb-content\"><div class=\"uagb-ifb-title-wrap\"><\/div><p class=\"uagb-ifb-desc\">While Google Ads is the most widely used platform, alternatives like Bing Ads also\nprovide valuable opportunities.<\/p><\/div><\/div>\n<\/div><\/div>\n\n\n\n<div class=\"wp-block-uagb-container uagb-block-67f27b06 alignfull uagb-is-root-container\"><div class=\"uagb-container-inner-blocks-wrap\">\n<div class=\"wp-block-uagb-info-box uagb-block-4fa9988b uagb-infobox__content-wrap  uagb-infobox-icon-above-title uagb-infobox-image-valign-top\"><div class=\"uagb-ifb-content\"><div class=\"uagb-ifb-title-wrap\"><h4 class=\"uagb-ifb-title-prefix\">54 Digital<\/h4><h2 class=\"uagb-ifb-title\"><strong>Your Ally for Optimized SEA<br>Campaign Management <\/strong><\/h2><\/div><p class=\"uagb-ifb-desc\">As a Google Premier Partner, 54 Digital offers you a team of specialists to design paid\nsearch campaigns perfectly aligned with your goals. We continuously monitor and\nadjust your performance to ensure optimal return on investment.<\/p><\/div><\/div>\n<\/div><\/div>\n\n\n\n<p><\/p>","protected":false},"excerpt":{"rendered":"","protected":false},"author":1,"featured_media":0,"parent":0,"menu_order":0,"comment_status":"closed","ping_status":"closed","template":"","meta":{"_uag_custom_page_level_css":"","site-sidebar-layout":"default","site-content-layout":"","ast-site-content-layout":"normal-width-container","site-content-style":"unboxed","site-sidebar-style":"default","ast-global-header-display":"","ast-banner-title-visibility":"","ast-main-header-display":"","ast-hfb-above-header-display":"","ast-hfb-below-header-display":"","ast-hfb-mobile-header-display":"","site-post-title":"disabled","ast-breadcrumbs-content":"","ast-featured-img":"","footer-sml-layout":"","ast-disable-related-posts":"","theme-transparent-header-meta":"","adv-header-id-meta":"","stick-header-meta":"","header-above-stick-meta":"","header-main-stick-meta":"","header-below-stick-meta":"","astra-migrate-meta-layouts":"set","ast-page-background-enabled":"default","ast-page-background-meta":{"desktop":{"background-color":"var(--ast-global-color-5)","background-image":"","background-repeat":"repeat","background-position":"center center","background-size":"auto","background-attachment":"scroll","background-type":"","background-media":"","overlay-type":"","overlay-color":"","overlay-opacity":"","overlay-gradient":""},"tablet":{"background-color":"","background-image":"","background-repeat":"repeat","background-position":"center center","background-size":"auto","background-attachment":"scroll","background-type":"","background-media":"","overlay-type":"","overlay-color":"","overlay-opacity":"","overlay-gradient":""},"mobile":{"background-color":"","background-image":"","background-repeat":"repeat","background-position":"center center","background-size":"auto","background-attachment":"scroll","background-type":"","background-media":"","overlay-type":"","overlay-color":"","overlay-opacity":"","overlay-gradient":""}},"ast-content-background-meta":{"desktop":{"background-color":"var(--ast-global-color-4)","background-image":"","background-repeat":"repeat","background-position":"center center","background-size":"auto","background-attachment":"scroll","background-type":"","background-media":"","overlay-type":"","overlay-color":"","overlay-opacity":"","overlay-gradient":""},"tablet":{"background-color":"var(--ast-global-color-4)","background-image":"","background-repeat":"repeat","background-position":"center center","background-size":"auto","background-attachment":"scroll","background-type":"","background-media":"","overlay-type":"","overlay-color":"","overlay-opacity":"","overlay-gradient":""},"mobile":{"background-color":"var(--ast-global-color-4)","background-image":"","background-repeat":"repeat","background-position":"center center","background-size":"auto","background-attachment":"scroll","background-type":"","background-media":"","overlay-type":"","overlay-color":"","overlay-opacity":"","overlay-gradient":""}},"footnotes":""},"class_list":["post-1208","page","type-page","status-publish","hentry"],"aioseo_notices":[],"uagb_featured_image_src":{"full":false,"thumbnail":false,"medium":false,"medium_large":false,"large":false,"1536x1536":false,"2048x2048":false,"trp-custom-language-flag":false},"uagb_author_info":{"display_name":"elhaddaji.iliass@gmail.com","author_link":"https:\/\/the54digital.com\/en\/author\/elhaddaji-iliassgmail-com\/"},"uagb_comment_info":0,"uagb_excerpt":null,"_links":{"self":[{"href":"https:\/\/the54digital.com\/en\/wp-json\/wp\/v2\/pages\/1208"}],"collection":[{"href":"https:\/\/the54digital.com\/en\/wp-json\/wp\/v2\/pages"}],"about":[{"href":"https:\/\/the54digital.com\/en\/wp-json\/wp\/v2\/types\/page"}],"author":[{"embeddable":true,"href":"https:\/\/the54digital.com\/en\/wp-json\/wp\/v2\/users\/1"}],"replies":[{"embeddable":true,"href":"https:\/\/the54digital.com\/en\/wp-json\/wp\/v2\/comments?post=1208"}],"version-history":[{"count":18,"href":"https:\/\/the54digital.com\/en\/wp-json\/wp\/v2\/pages\/1208\/revisions"}],"predecessor-version":[{"id":1699,"href":"https:\/\/the54digital.com\/en\/wp-json\/wp\/v2\/pages\/1208\/revisions\/1699"}],"wp:attachment":[{"href":"https:\/\/the54digital.com\/en\/wp-json\/wp\/v2\/media?parent=1208"}],"curies":[{"name":"wp","href":"https:\/\/api.w.org\/{rel}","templated":true}]}}