{"id":1219,"date":"2024-10-24T13:00:51","date_gmt":"2024-10-24T13:00:51","guid":{"rendered":"https:\/\/the54digital.com\/?page_id=1219"},"modified":"2024-11-27T14:54:25","modified_gmt":"2024-11-27T14:54:25","slug":"audit-accompagnement","status":"publish","type":"page","link":"https:\/\/the54digital.com\/ar\/audit-accompagnement\/","title":{"rendered":"Audit &amp; Accompagnement"},"content":{"rendered":"<div class=\"wp-block-uagb-container uagb-block-yd9o3ifq alignfull uagb-is-root-container\"><div class=\"uagb-container-inner-blocks-wrap\">\n<div class=\"wp-block-uagb-info-box uagb-block-ekef1sbe uagb-infobox__content-wrap  uagb-infobox-icon-above-title uagb-infobox-image-valign-top\"><div class=\"uagb-ifb-content\"><div class=\"uagb-ifb-title-wrap\"><h1 class=\"uagb-ifb-title\">Optimisez Votre Strat\u00e9gie Digitale avec un Accompagnement Personnalis\u00e9<\/h1><\/div><\/div><\/div>\n<\/div><\/div>\n\n\n\n<div class=\"wp-block-uagb-container uagb-block-13dbccbd alignfull uagb-is-root-container\"><div class=\"uagb-container-inner-blocks-wrap\">\n<div class=\"wp-block-uagb-info-box uagb-block-99d62a6d uagb-infobox__content-wrap  uagb-infobox-icon-above-title uagb-infobox-image-valign-top\"><div class=\"uagb-ifb-content\"><div class=\"uagb-ifb-title-wrap\"><h2 class=\"uagb-ifb-title\"><strong>Une vision compl\u00e8te de votre strat\u00e9gie marketing<br>digitale <\/strong><\/h2><\/div><p class=\"uagb-ifb-desc\">54 Digital vous propose bien plus qu\u2019une simple gestion de campagnes : nous nous positionnons en tant que partenaires strat\u00e9giques, offrant une expertise \u00e0 360\u00b0 pour piloter l\u2019ensemble de vos initiatives digitales. Notre approche est fond\u00e9e sur un audit exhaustif, analysant tant les aspects op\u00e9rationnels que la vision strat\u00e9gique de vos activit\u00e9s, afin de d\u00e9finir des axes d\u2019am\u00e9lioration align\u00e9s avec vos objectifs et votre identit\u00e9 de marque.<\/p><\/div><\/div>\n<\/div><\/div>\n\n\n\n<div class=\"wp-block-uagb-container uagb-block-1cembjwq alignfull uagb-is-root-container\"><div class=\"uagb-container-inner-blocks-wrap\">\n<div class=\"wp-block-uagb-info-box uagb-block-obpt8yn2 uagb-infobox__content-wrap  uagb-infobox-icon-above-title uagb-infobox-image-valign-top wp-block-uagb-info-box--has-margin\"><div class=\"uagb-infobox-margin-wrapper\"><div class=\"uagb-ifb-content\"><div class=\"uagb-ifb-title-wrap\"><h3 class=\"uagb-ifb-title\"><em>Chez 54 DIGITAL, nous appr\u00e9cions ce qui vous rend unique. Ainsi, afin de pr\u00e9server votre originalit\u00e9, 54 DIGITAL emploie la m\u00e9thode agile, fond\u00e9e sur ces principes cl\u00e9<\/em><\/h3><\/div><\/div><\/div><\/div>\n\n\n\n<div class=\"wp-block-uagb-container uagb-block-dpl2ey0a\">\n<div class=\"wp-block-uagb-container uagb-block-a4650b8d\">\n<div class=\"wp-block-uagb-info-box uagb-block-mo3wgzue uagb-infobox__content-wrap  uagb-infobox-icon-above-title uagb-infobox-image-valign-top\"><div class=\"uagb-ifb-content\"><div class=\"uagb-ifb-title-wrap\"><p class=\"uagb-ifb-title\"><strong><strong>Diagnostic<\/strong><\/strong><\/p><\/div><p class=\"uagb-ifb-desc\">Nous commen\u00e7ons par une analyse minutieuse de votre strat\u00e9gie actuelle pour identifier les points forts et les zones d\u2019am\u00e9lioration. Cette \u00e9valuation d\u00e9taill\u00e9e nous permet de formuler des recommandations cibl\u00e9es et de concevoir une strat\u00e9gie en phase avec les best practices de votre secteur.<\/p><\/div><\/div>\n<\/div>\n\n\n\n<div class=\"wp-block-uagb-container uagb-block-7790d858\">\n<div class=\"wp-block-uagb-info-box uagb-block-bd877046 uagb-infobox__content-wrap  uagb-infobox-icon-above-title uagb-infobox-image-valign-top\"><div class=\"uagb-ifb-content\"><div class=\"uagb-ifb-title-wrap\"><p class=\"uagb-ifb-title\"><strong><strong>Strat\u00e9gie adapt\u00e9e<\/strong><\/strong><\/p><\/div><p class=\"uagb-ifb-desc\">En fonction des besoins identifi\u00e9s, nous d\u00e9veloppons une strat\u00e9gie digitale multi-leviers qui allie expertise et cr\u00e9ativit\u00e9. Chaque plan d\u2019action est con\u00e7u sur mesure, int\u00e9grant les tendances actuelles et les particularit\u00e9s de votre march\u00e9 pour maximiser l&rsquo;impact de vos campagnes.<\/p><\/div><\/div>\n<\/div>\n\n\n\n<div class=\"wp-block-uagb-container uagb-block-47219fab\">\n<div class=\"wp-block-uagb-info-box uagb-block-3e54c800 uagb-infobox__content-wrap  uagb-infobox-icon-above-title uagb-infobox-image-valign-top\"><div class=\"uagb-ifb-content\"><div class=\"uagb-ifb-title-wrap\"><p class=\"uagb-ifb-title\"><strong><strong>Innovation Agile<\/strong><\/strong><\/p><\/div><p class=\"uagb-ifb-desc\">Pour garantir l\u2019efficacit\u00e9 de nos recommandations, nous adoptons une approche \u00ab\u00a0Test &amp; Learn\u00a0\u00bb. Cette m\u00e9thodologie agile nous permet d\u2019exp\u00e9rimenter diff\u00e9rentes options et de tester des dispositifs innovants afin d&rsquo;optimiser en continu votre pr\u00e9sence en ligne.<\/p><\/div><\/div>\n<\/div>\n\n\n\n<div class=\"wp-block-uagb-container uagb-block-8c3af456\">\n<div class=\"wp-block-uagb-info-box uagb-block-9aa32c7b uagb-infobox__content-wrap  uagb-infobox-icon-above-title uagb-infobox-image-valign-top\"><div class=\"uagb-ifb-content\"><div class=\"uagb-ifb-title-wrap\"><p class=\"uagb-ifb-title\"><strong><strong>Am\u00e9lioration continue<\/strong><\/strong><\/p><\/div><p class=\"uagb-ifb-desc\">L\u2019audit initial est compl\u00e9t\u00e9 par un suivi et une am\u00e9lioration constante de vos performances digitales. Nous nous engageons dans une d\u00e9marche de perfectionnement continu pour vous aider \u00e0 atteindre des objectifs ambitieux, tout en adaptant la strat\u00e9gie en fonction des r\u00e9sultats obtenus.<\/p><\/div><\/div>\n<\/div>\n<\/div>\n<\/div><\/div>\n\n\n\n<div class=\"wp-block-uagb-container uagb-block-7deeb67c alignfull uagb-is-root-container\"><div class=\"uagb-container-inner-blocks-wrap\">\n<div class=\"wp-block-uagb-info-box uagb-block-5dc1b380 uagb-infobox__content-wrap  uagb-infobox-icon-above-title uagb-infobox-image-valign-top\"><div class=\"uagb-ifb-content\"><div class=\"uagb-ifb-title-wrap\"><h2 class=\"uagb-ifb-title\"><strong>Formation et autonomie pour vos \u00e9quipes <\/strong><\/h2><\/div><p class=\"uagb-ifb-desc\">Chez 54 Digital, nous croyons que l\u2019autonomie de nos clients est essentielle. Nous proposons donc des formations continues pour vous donner les cl\u00e9s de la ma\u00eetrise de vos campagnes, en vous fournissant tous les outils n\u00e9cessaires pour devenir acteur de votre propre r\u00e9ussite digitale.<\/p><\/div><\/div>\n<\/div><\/div>\n\n\n\n<p><\/p>","protected":false},"excerpt":{"rendered":"","protected":false},"author":1,"featured_media":0,"parent":0,"menu_order":0,"comment_status":"closed","ping_status":"closed","template":"","meta":{"_uag_custom_page_level_css":"","site-sidebar-layout":"default","site-content-layout":"","ast-site-content-layout":"normal-width-container","site-content-style":"unboxed","site-sidebar-style":"default","ast-global-header-display":"","ast-banner-title-visibility":"","ast-main-header-display":"","ast-hfb-above-header-display":"","ast-hfb-below-header-display":"","ast-hfb-mobile-header-display":"","site-post-title":"disabled","ast-breadcrumbs-content":"","ast-featured-img":"","footer-sml-layout":"","ast-disable-related-posts":"","theme-transparent-header-meta":"","adv-header-id-meta":"","stick-header-meta":"","header-above-stick-meta":"","header-main-stick-meta":"","header-below-stick-meta":"","astra-migrate-meta-layouts":"set","ast-page-background-enabled":"default","ast-page-background-meta":{"desktop":{"background-color":"var(--ast-global-color-5)","background-image":"","background-repeat":"repeat","background-position":"center center","background-size":"auto","background-attachment":"scroll","background-type":"","background-media":"","overlay-type":"","overlay-color":"","overlay-opacity":"","overlay-gradient":""},"tablet":{"background-color":"","background-image":"","background-repeat":"repeat","background-position":"center center","background-size":"auto","background-attachment":"scroll","background-type":"","background-media":"","overlay-type":"","overlay-color":"","overlay-opacity":"","overlay-gradient":""},"mobile":{"background-color":"","background-image":"","background-repeat":"repeat","background-position":"center center","background-size":"auto","background-attachment":"scroll","background-type":"","background-media":"","overlay-type":"","overlay-color":"","overlay-opacity":"","overlay-gradient":""}},"ast-content-background-meta":{"desktop":{"background-color":"var(--ast-global-color-4)","background-image":"","background-repeat":"repeat","background-position":"center center","background-size":"auto","background-attachment":"scroll","background-type":"","background-media":"","overlay-type":"","overlay-color":"","overlay-opacity":"","overlay-gradient":""},"tablet":{"background-color":"var(--ast-global-color-4)","background-image":"","background-repeat":"repeat","background-position":"center center","background-size":"auto","background-attachment":"scroll","background-type":"","background-media":"","overlay-type":"","overlay-color":"","overlay-opacity":"","overlay-gradient":""},"mobile":{"background-color":"var(--ast-global-color-4)","background-image":"","background-repeat":"repeat","background-position":"center center","background-size":"auto","background-attachment":"scroll","background-type":"","background-media":"","overlay-type":"","overlay-color":"","overlay-opacity":"","overlay-gradient":""}},"footnotes":""},"class_list":["post-1219","page","type-page","status-publish","hentry"],"aioseo_notices":[],"uagb_featured_image_src":{"full":false,"thumbnail":false,"medium":false,"medium_large":false,"large":false,"1536x1536":false,"2048x2048":false,"trp-custom-language-flag":false},"uagb_author_info":{"display_name":"elhaddaji.iliass@gmail.com","author_link":"https:\/\/the54digital.com\/ar\/author\/elhaddaji-iliassgmail-com\/"},"uagb_comment_info":0,"uagb_excerpt":null,"_links":{"self":[{"href":"https:\/\/the54digital.com\/ar\/wp-json\/wp\/v2\/pages\/1219"}],"collection":[{"href":"https:\/\/the54digital.com\/ar\/wp-json\/wp\/v2\/pages"}],"about":[{"href":"https:\/\/the54digital.com\/ar\/wp-json\/wp\/v2\/types\/page"}],"author":[{"embeddable":true,"href":"https:\/\/the54digital.com\/ar\/wp-json\/wp\/v2\/users\/1"}],"replies":[{"embeddable":true,"href":"https:\/\/the54digital.com\/ar\/wp-json\/wp\/v2\/comments?post=1219"}],"version-history":[{"count":10,"href":"https:\/\/the54digital.com\/ar\/wp-json\/wp\/v2\/pages\/1219\/revisions"}],"predecessor-version":[{"id":1576,"href":"https:\/\/the54digital.com\/ar\/wp-json\/wp\/v2\/pages\/1219\/revisions\/1576"}],"wp:attachment":[{"href":"https:\/\/the54digital.com\/ar\/wp-json\/wp\/v2\/media?parent=1219"}],"curies":[{"name":"wp","href":"https:\/\/api.w.org\/{rel}","templated":true}]}}