{"id":1211,"date":"2024-10-24T12:58:54","date_gmt":"2024-10-24T12:58:54","guid":{"rendered":"https:\/\/the54digital.com\/?page_id=1211"},"modified":"2024-11-27T18:00:59","modified_gmt":"2024-11-27T18:00:59","slug":"referencement-naturel","status":"publish","type":"page","link":"https:\/\/the54digital.com\/ar\/referencement-naturel\/","title":{"rendered":"R\u00e9f\u00e9rencement Naturel"},"content":{"rendered":"<div class=\"wp-block-uagb-container uagb-block-yd9o3ifq alignfull uagb-is-root-container\"><div class=\"uagb-container-inner-blocks-wrap\">\n<div class=\"wp-block-uagb-info-box uagb-block-ekef1sbe uagb-infobox__content-wrap  uagb-infobox-icon-above-title uagb-infobox-image-valign-top\"><div class=\"uagb-ifb-content\"><div class=\"uagb-ifb-title-wrap\"><p class=\"uagb-ifb-title-prefix\"><strong><em><strong>Am\u00e9liorez Votre Visibilit\u00e9 Durable avec le R\u00e9f\u00e9rencement Naturel (<\/strong><\/em><\/strong><\/p><h1 class=\"uagb-ifb-title\">\u0639\u0632\u0651\u0632\u0648\u0627 \u0638\u0647\u0648\u0631\u0643\u0645 \u0627\u0644\u062f\u0627\u0626\u0645 \u0645\u0646 \u062e\u0644\u0627\u0644 \u062a\u062d\u0633\u064a\u0646 \u0645\u062d\u0631\u0643\u0627\u062a \u0627\u0644\u0628\u062d\u062b (SEO)<\/h1><\/div><\/div><\/div>\n<\/div><\/div>\n\n\n\n<div class=\"wp-block-uagb-container uagb-block-0505c5b6 alignfull uagb-is-root-container\"><div class=\"uagb-container-inner-blocks-wrap\">\n<div class=\"wp-block-uagb-info-box uagb-block-a4cd47ed uagb-infobox__content-wrap  uagb-infobox-icon-above-title uagb-infobox-image-valign-top\"><div class=\"uagb-ifb-content\"><div class=\"uagb-ifb-title-wrap\"><h2 class=\"uagb-ifb-title\">\u0644\u0645\u0627\u0630\u0627 \u064a\u064f\u0639\u062f \u062a\u062d\u0633\u064a\u0646 \u0645\u062d\u0631\u0643\u0627\u062a \u0627\u0644\u0628\u062d\u062b (SEO) \u0636\u0631\u0648\u0631\u064a\u0627\u064b \u0644\u062a\u0639\u0632\u064a\u0632 \u062d\u0636\u0648\u0631\u0643\u0645 \u0639\u0644\u0649 \u0627\u0644\u0625\u0646\u062a\u0631\u0646\u062a\u061f<\/h2><\/div><p class=\"uagb-ifb-desc\">\u062a\u062d\u0633\u064a\u0646 \u0645\u062d\u0631\u0643\u0627\u062a \u0627\u0644\u0628\u062d\u062b (SEO) \u0647\u0648 \u0639\u0646\u0635\u0631 \u0623\u0633\u0627\u0633\u064a \u064a\u0633\u0627\u0639\u062f \u0639\u0644\u0649 \u0648\u0636\u0639 \u0645\u0648\u0642\u0639\u0643\u0645 \u0627\u0644\u0625\u0644\u0643\u062a\u0631\u0648\u0646\u064a \u0636\u0645\u0646 \u0627\u0644\u0646\u062a\u0627\u0626\u062c \u0627\u0644\u0623\u0648\u0644\u0649 \u0641\u064a \u0645\u062d\u0631\u0643\u0627\u062a \u0627\u0644\u0628\u062d\u062b\u060c \u0645\u0645\u0627 \u064a\u0636\u0645\u0646 \u0638\u0647\u0648\u0631\u0627\u064b \u0645\u0633\u062a\u0645\u0631\u0627\u064b \u0648\u0641\u0639\u0651\u0627\u0644\u0627\u064b. \u0628\u062e\u0644\u0627\u0641 \u0627\u0644\u0625\u0639\u0644\u0627\u0646\u0627\u062a \u0627\u0644\u0645\u062f\u0641\u0648\u0639\u0629\u060c \u064a\u0639\u062a\u0645\u062f SEO \u0639\u0644\u0649 \u062c\u0630\u0628 \u0627\u0644\u0632\u0648\u0627\u0631 \u0628\u0634\u0643\u0644 \u0637\u0628\u064a\u0639\u064a\u060c \u062e\u0627\u0635\u0629 \u0627\u0644\u0645\u0647\u062a\u0645\u064a\u0646 \u0645\u0646\u0647\u0645 \u0628\u0645\u0646\u062a\u062c\u0627\u062a\u0643\u0645 \u0648\u062e\u062f\u0645\u0627\u062a\u0643\u0645\u060c \u0645\u0645\u0627 \u064a\u0639\u0632\u0632 \u0645\u0635\u062f\u0627\u0642\u064a\u062a\u0643\u0645 \u0648\u064a\u0632\u064a\u062f \u0645\u0646 \u0639\u062f\u062f \u0627\u0644\u0632\u064a\u0627\u0631\u0627\u062a \u0627\u0644\u0645\u0633\u062a\u0647\u062f\u0641\u0629 \u0625\u0644\u0649 \u0645\u0648\u0642\u0639\u0643\u0645.<\/p><\/div><\/div>\n<\/div><\/div>\n\n\n\n<div class=\"wp-block-uagb-container uagb-block-bpch2kkr alignfull uagb-is-root-container\"><div class=\"uagb-container-inner-blocks-wrap\">\n<div class=\"wp-block-uagb-info-box uagb-block-fdc6dety uagb-infobox__content-wrap  uagb-infobox-icon-above-title uagb-infobox-image-valign-top\"><div class=\"uagb-ifb-content\"><div class=\"uagb-ifb-title-wrap\"><h2 class=\"uagb-ifb-title\">\u0627\u0644\u0631\u0643\u0627\u0626\u0632 \u0627\u0644\u0623\u0633\u0627\u0633\u064a\u0629 \u0644\u0627\u0633\u062a\u0631\u0627\u062a\u064a\u062c\u064a\u0629 \u0641\u0639\u0651\u0627\u0644\u0629 \u0644\u062a\u062d\u0633\u064a\u0646 \u0645\u062d\u0631\u0643\u0627\u062a \u0627\u0644\u0628\u062d\u062b (SEO)<\/h2><\/div><\/div><\/div>\n\n\n\n<div class=\"wp-block-uagb-container uagb-layout-grid uagb-block-zfaukgao\">\n<div class=\"wp-block-uagb-container uagb-block-34yvsupu\">\n<div class=\"wp-block-uagb-info-box uagb-block-lj9wo7m5 uagb-infobox__content-wrap  uagb-infobox-icon-above-title uagb-infobox-image-valign-top\"><div class=\"uagb-ifb-content\"><div class=\"uagb-ifb-title-wrap\"><p class=\"uagb-ifb-title-prefix\">01<\/p><h3 class=\"uagb-ifb-title\">\u062a\u062d\u0633\u064a\u0646 \u0627\u0644\u0628\u0646\u064a\u0629 \u0627\u0644\u062a\u0642\u0646\u064a\u0629<\/h3><\/div><p class=\"uagb-ifb-desc\">\u062a\u064f\u0639\u062a\u0628\u0631 \u0627\u0644\u0628\u0646\u064a\u0629 \u0627\u0644\u062a\u0642\u0646\u064a\u0629 \u0627\u0644\u0645\u0646\u0638\u0645\u0629 \u0639\u0627\u0645\u0644\u0627\u064b \u0623\u0633\u0627\u0633\u064a\u0627\u064b \u0644\u062a\u062d\u0642\u064a\u0642 \u062a\u0635\u0646\u064a\u0641 \u0645\u062a\u0645\u064a\u0632 \u0644\u0645\u0648\u0642\u0639\u0643\u0645 \u0639\u0644\u0649 \u0645\u062d\u0631\u0643\u0627\u062a \u0627\u0644\u0628\u062d\u062b. \u0646\u062d\u0646 \u0646\u0639\u0645\u0644 \u0639\u0644\u0649 \u0636\u0645\u0627\u0646 \u062a\u0648\u0627\u0641\u0642 \u062c\u0645\u064a\u0639 \u0627\u0644\u062c\u0648\u0627\u0646\u0628 \u0627\u0644\u062a\u0642\u0646\u064a\u0629 \u0644\u0645\u0648\u0642\u0639\u0643\u0645\u060c \u0628\u0645\u0627 \u064a\u0634\u0645\u0644 \u0627\u0644\u062a\u0648\u0627\u0641\u0642 \u0645\u0639 \u0627\u0644\u0623\u062c\u0647\u0632\u0629 \u0627\u0644\u0645\u062d\u0645\u0648\u0644\u0629\u060c \u0648\u0633\u0631\u0639\u0629 \u062a\u062d\u0645\u064a\u0644 \u0627\u0644\u0635\u0641\u062d\u0627\u062a\u060c \u0648\u062a\u062d\u0633\u064a\u0646 \u0627\u0644\u0631\u0648\u0627\u0628\u0637 \u0627\u0644\u062f\u0627\u062e\u0644\u064a\u0629\u060c \u0648\u0641\u0642\u0627\u064b \u0644\u0623\u0641\u0636\u0644 \u0645\u0645\u0627\u0631\u0633\u0627\u062a \u062a\u062d\u0633\u064a\u0646 \u0645\u062d\u0631\u0643\u0627\u062a \u0627\u0644\u0628\u062d\u062b. \u062d\u064a\u062b \u0625\u0646 \u0627\u0644\u0628\u0646\u064a\u0629 \u0627\u0644\u062a\u0642\u0646\u064a\u0629 \u0627\u0644\u0645\u062a\u064a\u0646\u0629 \u062a\u0648\u0641\u0631 \u062a\u062c\u0631\u0628\u0629 \u0633\u0644\u0633\u0629 \u0644\u0644\u0645\u0633\u062a\u062e\u062f\u0645\u060c \u0648\u062a\u064f\u0633\u0647\u0644 \u0639\u0644\u0649 \u0645\u062d\u0631\u0643\u0627\u062a \u0627\u0644\u0628\u062d\u062b \u0627\u0644\u0648\u0635\u0648\u0644 \u0625\u0644\u0649 \u0645\u0648\u0642\u0639\u0643\u0645 \u0648\u0641\u0647\u0631\u0633\u062a\u0647 \u0628\u0643\u0641\u0627\u0621\u0629.<\/p><\/div><\/div>\n<\/div>\n\n\n\n<div class=\"wp-block-uagb-container uagb-block-padt2ucu\">\n<div class=\"wp-block-uagb-info-box uagb-block-zjz0g8xk uagb-infobox__content-wrap  uagb-infobox-icon-above-title uagb-infobox-image-valign-top\"><div class=\"uagb-ifb-content\"><div class=\"uagb-ifb-title-wrap\"><p class=\"uagb-ifb-title-prefix\">02<\/p><h3 class=\"uagb-ifb-title\">\u0627\u0644\u0645\u062d\u062a\u0648\u0649 \u0627\u0644\u0641\u0639\u0651\u0627\u0644<\/h3><\/div><p class=\"uagb-ifb-desc\">\u064a\u064f\u0639\u062f \u0627\u0644\u0645\u062d\u062a\u0648\u0649 \u0623\u0633\u0627\u0633 \u0646\u062c\u0627\u062d \u0623\u064a \u0627\u0633\u062a\u0631\u0627\u062a\u064a\u062c\u064a\u0629 \u0644\u062a\u062d\u0633\u064a\u0646 \u0645\u062d\u0631\u0643\u0627\u062a \u0627\u0644\u0628\u062d\u062b\u060c \u062d\u064a\u062b \u064a\u0633\u0627\u0647\u0645 \u0628\u0634\u0643\u0644 \u0643\u0628\u064a\u0631 \u0641\u064a \u062c\u0630\u0628 \u0627\u0644\u0632\u0648\u0627\u0631 \u0648\u0632\u064a\u0627\u062f\u0629 \u0627\u0644\u062a\u0641\u0627\u0639\u0644 \u0645\u0639 \u0645\u0648\u0642\u0639\u0643\u0645 \u0627\u0644\u0625\u0644\u0643\u062a\u0631\u0648\u0646\u064a. \u0646\u062d\u0646 \u0646\u0639\u0645\u0644 \u0639\u0644\u0649 \u0625\u0646\u0634\u0627\u0621 \u0645\u062d\u062a\u0648\u0649 \u063a\u0646\u064a \u0648\u0642\u064a\u0645 \u064a\u0642\u062f\u0645 \u0625\u062c\u0627\u0628\u0627\u062a \u062f\u0642\u064a\u0642\u0629 \u0648\u0634\u0627\u0645\u0644\u0629 \u062a\u0644\u0628\u064a \u0627\u062d\u062a\u064a\u0627\u062c\u0627\u062a \u062c\u0645\u0647\u0648\u0631\u0643\u0645 \u0627\u0644\u0645\u0633\u062a\u0647\u062f\u0641. \u0648\u0628\u0641\u0636\u0644 \u0627\u062e\u062a\u064a\u0627\u0631 \u0627\u0633\u062a\u0631\u0627\u062a\u064a\u062c\u064a \u0644\u0644\u0643\u0644\u0645\u0627\u062a \u0627\u0644\u0645\u0641\u062a\u0627\u062d\u064a\u0629 \u0648\u062a\u0637\u0628\u064a\u0642 \u062a\u062d\u0633\u064a\u0646\u0627\u062a \u062f\u0644\u0627\u0644\u064a\u0629 \u0645\u062a\u0637\u0648\u0631\u0629\u060c \u0646\u0636\u0645\u0646 \u062a\u0639\u0632\u064a\u0632 \u062a\u0623\u062b\u064a\u0631 \u0648\u0641\u0639\u0627\u0644\u064a\u0629 \u0635\u0641\u062d\u0627\u062a\u0643\u0645 \u0648\u0635\u0644\u062a\u0647\u0627 \u0628\u0643\u0644 \u0645\u0646 \u0627\u0644\u0645\u0633\u062a\u062e\u062f\u0645\u064a\u0646 \u0648\u0645\u062d\u0631\u0643\u0627\u062a \u0627\u0644\u0628\u062d\u062b \u0639\u0644\u0649 \u062d\u062f \u0633\u0648\u0627\u0621.<\/p><\/div><\/div>\n<\/div>\n\n\n\n<div class=\"wp-block-uagb-container uagb-block-qsqofris\">\n<div class=\"wp-block-uagb-info-box uagb-block-lnihyoni uagb-infobox__content-wrap  uagb-infobox-icon-above-title uagb-infobox-image-valign-top\"><div class=\"uagb-ifb-content\"><div class=\"uagb-ifb-title-wrap\"><p class=\"uagb-ifb-title-prefix\">03<\/p><h3 class=\"uagb-ifb-title\">\u062a\u0639\u0632\u064a\u0632 \u0645\u0648\u062b\u0648\u0642\u064a\u0629 \u0627\u0644\u0645\u0648\u0642\u0639 \u0648\u0633\u0645\u0639\u062a\u0647<\/h3><\/div><p class=\"uagb-ifb-desc\">\u062a\u064f\u0639\u062a\u0628\u0631 \u0627\u0644\u0633\u0645\u0639\u0629 \u0627\u0644\u0631\u0642\u0645\u064a\u0629 \u0644\u0645\u0648\u0642\u0639\u0643\u0645 \u0639\u0646\u0635\u0631\u0627\u064b \u062d\u0627\u0633\u0645\u0627\u064b \u0641\u064a \u062a\u062d\u0633\u064a\u0646 \u062a\u0631\u062a\u064a\u0628\u0647 \u0639\u0644\u0649 \u0645\u062d\u0631\u0643\u0627\u062a \u0627\u0644\u0628\u062d\u062b\u060c \u0648\u064a\u062a\u0645 \u0630\u0644\u0643 \u0645\u0646 \u062e\u0644\u0627\u0644 \u0627\u0644\u0631\u0648\u0627\u0628\u0637 \u0627\u0644\u062e\u0644\u0641\u064a\u0629 \u0639\u0627\u0644\u064a\u0629 \u0627\u0644\u062c\u0648\u062f\u0629 \u0627\u0644\u062a\u064a \u062a\u0623\u062a\u064a \u0645\u0646 \u0645\u0648\u0627\u0642\u0639 \u0645\u0648\u062b\u0648\u0642\u0629. \u0646\u062d\u0646 \u0646\u0639\u062a\u0645\u062f \u0627\u0633\u062a\u0631\u0627\u062a\u064a\u062c\u064a\u0629 \u0641\u0639\u0651\u0627\u0644\u0629 \u0644\u0628\u0646\u0627\u0621 \u0631\u0648\u0627\u0628\u0637 \u062a\u0647\u062f\u0641 \u0625\u0644\u0649 \u0631\u0641\u0639 \u0645\u0633\u062a\u0648\u0649 \u0633\u0644\u0637\u0629 \u0627\u0644\u0646\u0637\u0627\u0642 \u0627\u0644\u062e\u0627\u0635 \u0628\u0643\u0645\u060c \u0645\u0645\u0627 \u064a\u0633\u0647\u0645 \u0641\u064a \u062a\u062d\u0633\u064a\u0646 \u062a\u0631\u062a\u064a\u0628 \u0645\u0648\u0642\u0639\u0643\u0645. \u0647\u0630\u0647 \u0627\u0644\u0639\u0645\u0644\u064a\u0629 \u0644\u0627 \u062a\u0632\u064a\u062f \u0645\u0646 \u0639\u062f\u062f \u0627\u0644\u0632\u064a\u0627\u0631\u0627\u062a \u0641\u062d\u0633\u0628\u060c \u0628\u0644 \u062a\u0639\u0632\u0632 \u0623\u064a\u0636\u0627\u064b \u0645\u0635\u062f\u0627\u0642\u064a\u0629 \u0645\u0648\u0642\u0639\u0643\u0645 \u0644\u062f\u0649 \u0627\u0644\u0645\u0633\u062a\u062e\u062f\u0645\u064a\u0646 \u0648\u0645\u062d\u0631\u0643\u0627\u062a \u0627\u0644\u0628\u062d\u062b \u0639\u0644\u0649 \u062d\u062f \u0633\u0648\u0627\u0621.<\/p><\/div><\/div>\n<\/div>\n<\/div>\n<\/div><\/div>\n\n\n\n<div class=\"wp-block-uagb-container uagb-block-f0aeaafd alignfull uagb-is-root-container\"><div class=\"uagb-container-inner-blocks-wrap\">\n<div class=\"wp-block-uagb-info-box uagb-block-27315c18 uagb-infobox__content-wrap  uagb-infobox-icon-above-title uagb-infobox-image-valign-top\"><div class=\"uagb-ifb-content\"><div class=\"uagb-ifb-title-wrap\"><h2 class=\"uagb-ifb-title\">\u0645\u0646\u0647\u062c\u064a\u062a\u0646\u0627<\/h2><\/div><\/div><\/div>\n\n\n\n<div class=\"wp-block-uagb-info-box uagb-block-01d281d5 uagb-infobox__content-wrap  uagb-infobox-icon-above-title uagb-infobox-image-valign-top\"><div class=\"uagb-ifb-content\"><div class=\"uagb-ifb-title-wrap\"><h4 class=\"uagb-ifb-title-prefix\">\u0631\u0624\u064a\u0629 \u0645\u0633\u062a\u062f\u0627\u0645\u0629 \u0628\u0639\u064a\u062f\u0629 \u0627\u0644\u0645\u062f\u0649<\/h4><\/div><p class=\"uagb-ifb-desc\">\u062a\u0639\u062a\u0645\u062f  54DIGITAL \u0645\u0646\u0647\u062c\u064a\u0629 \u0645\u064f\u062e\u0635\u0635\u0629 \u0644\u062a\u062d\u0633\u064a\u0646 \u0645\u062d\u0631\u0643\u0627\u062a \u0627\u0644\u0628\u062d\u062b (SEO)\u060c \u0645\u0633\u062a\u0646\u062f\u0629 \u0625\u0644\u0649 \u062a\u062d\u0644\u064a\u0644 \u0645\u0639\u0645\u0642 \u0644\u0645\u0648\u0642\u0639\u0643\u0645 \u0627\u0644\u0625\u0644\u0643\u062a\u0631\u0648\u0646\u064a \u0648\u0633\u0648\u0642\u0643\u0645 \u0627\u0644\u0645\u0633\u062a\u0647\u062f\u0641. \u062d\u064a\u062b \u0646\u062c\u0645\u0639 \u0628\u064a\u0646 \u0627\u0644\u062a\u062d\u0633\u064a\u0646\u0627\u062a \u0627\u0644\u062a\u0642\u0646\u064a\u0629\u060c \u0648\u062a\u0637\u0648\u064a\u0631 \u0627\u0644\u0645\u062d\u062a\u0648\u0649 \u0627\u0644\u0645\u0644\u0627\u0626\u0645 \u0648 \u0628\u0646\u0627\u0621 \u0627\u0644\u0631\u0648\u0627\u0628\u0637 \u0644\u0642\u064a\u0627\u062f\u0629 \u0646\u0645\u0648 \u0639\u0636\u0648\u064a \u0645\u0633\u062a\u062f\u0627\u0645. \u0648\u0645\u0646 \u062e\u0644\u0627\u0644 \u0645\u0631\u0627\u0642\u0628\u0629 \u0645\u0633\u062a\u0645\u0631\u0629 \u0644\u0644\u0646\u062a\u0627\u0626\u062c\u060c \u0646\u0642\u0648\u0645 \u0628\u062a\u0637\u0648\u064a\u0631 \u0627\u0644\u0627\u0633\u062a\u0631\u0627\u062a\u064a\u062c\u064a\u0629 \u0628\u0645\u0627 \u064a\u062a\u0645\u0627\u0634\u0649 \u0645\u0639 \u0633\u0644\u0648\u0643\u064a\u0627\u062a \u0627\u0644\u0628\u062d\u062b \u0627\u0644\u0645\u062a\u063a\u064a\u0631\u0629 \u0648\u0623\u062d\u062f\u062b \u062a\u0648\u062c\u0647\u0627\u062a \u062a\u062d\u0633\u064a\u0646 \u0645\u062d\u0631\u0643\u0627\u062a \u0627\u0644\u0628\u062d\u062b\u060c \u0645\u0645\u0627 \u064a\u0636\u0645\u0646 \u0646\u0645\u0648\u0627\u064b \u0645\u062a\u0648\u0627\u0635\u0644\u0627\u064b \u0644\u0646\u0634\u0627\u0637\u0643\u0645 \u0627\u0644\u0631\u0642\u0645\u064a.<\/p><\/div><\/div>\n<\/div><\/div>\n\n\n\n<div class=\"wp-block-uagb-container uagb-block-ezqsroji alignfull uagb-is-root-container\"><div class=\"uagb-container-inner-blocks-wrap\">\n<div class=\"wp-block-uagb-container uagb-block-wfyeqydx\">\n<div class=\"wp-block-uagb-info-box uagb-block-luyanjzi uagb-infobox__content-wrap  uagb-infobox-icon-above-title uagb-infobox-image-valign-top\"><div class=\"uagb-ifb-content\"><div class=\"uagb-ifb-title-wrap\"><h3 class=\"uagb-ifb-title\">\u0641\u0648\u0627\u0626\u062f \u0627\u0633\u062a\u0631\u0627\u062a\u064a\u062c\u064a\u0629 \u062a\u062d\u0633\u064a\u0646 \u0645\u062d\u0631\u0643\u0627\u062a \u0627\u0644\u0628\u062d\u062b \u0627\u0644\u0645\u0633\u062a\u062f\u0627\u0645\u0629 (SEO)<\/h3><\/div><p class=\"uagb-ifb-desc\">\u0645\u0646 \u062e\u0644\u0627\u0644 \u0634\u0631\u0627\u0643\u062a\u0643\u0645 \u0645\u0639 54DIGITAL \u060c \u062a\u0633\u062a\u0641\u064a\u062f\u0648\u0646 \u0645\u0646 \u062a\u0639\u0632\u064a\u0632 \u062d\u0636\u0648\u0631\u0643\u0645 \u0627\u0644\u0631\u0642\u0645\u064a\u060c \u0648\u0632\u064a\u0627\u062f\u0629 \u0627\u0644\u0632\u064a\u0627\u0631\u0627\u062a \u0627\u0644\u0645\u0633\u062a\u0647\u062f\u0641\u0629\u060c \u0648\u062a\u0631\u0633\u064a\u062e \u0645\u064a\u0632\u0629 \u062a\u0646\u0627\u0641\u0633\u064a\u0629 \u0645\u062a\u0641\u0631\u062f\u0629. \u062d\u064a\u062b \u064a\u0643\u0631\u0651\u0633 \u0641\u0631\u064a\u0642 \u062e\u0628\u0631\u0627\u0626\u0646\u0627 \u062c\u0647\u0648\u062f\u0647 \u0644\u062f\u0639\u0645\u0643\u0645 \u0641\u064a \u062a\u062d\u0642\u064a\u0642:<\/p><\/div><\/div>\n<\/div>\n\n\n\n<div class=\"wp-block-uagb-container uagb-layout-grid uagb-block-vtefymlz\">\n<div class=\"wp-block-uagb-info-box uagb-block-i07ypq7a uagb-infobox__content-wrap  uagb-infobox-icon-above-title uagb-infobox-image-valign-top\"><div class=\"uagb-ifb-content\"><div class=\"uagb-ifb-icon-wrap\"><div class=\"uagb-iconbox-icon-wrap uagb-infobox-shape-circle\"><svg xmlns=\"https:\/\/www.w3.org\/2000\/svg\" viewbox=\"0 0 448 512\"><path d=\"M438.6 105.4C451.1 117.9 451.1 138.1 438.6 150.6L182.6 406.6C170.1 419.1 149.9 419.1 137.4 406.6L9.372 278.6C-3.124 266.1-3.124 245.9 9.372 233.4C21.87 220.9 42.13 220.9 54.63 233.4L159.1 338.7L393.4 105.4C405.9 92.88 426.1 92.88 438.6 105.4H438.6z\"><\/path><\/svg><\/div><\/div><div class=\"uagb-ifb-title-wrap\"><h4 class=\"uagb-ifb-title\">\u062a\u0639\u0632\u064a\u0632 \u0648\u0639\u064a \u062c\u0645\u0647\u0648\u0631\u0643\u0645 \u0627\u0644\u0645\u0633\u062a\u0647\u062f\u0641 \u0628\u0639\u0644\u0627\u0645\u062a\u0643\u0645 \u0627\u0644\u062a\u062c\u0627\u0631\u064a\u0629 \u0648\u062a\u0631\u0633\u064a\u062e \u062d\u0636\u0648\u0631\u0647\u0627 \u0641\u064a \u0623\u0630\u0647\u0627\u0646\u0647\u0645<\/h4><\/div><\/div><\/div>\n\n\n\n<div class=\"wp-block-uagb-info-box uagb-block-1ctiijm3 uagb-infobox__content-wrap  uagb-infobox-icon-above-title uagb-infobox-image-valign-top\"><div class=\"uagb-ifb-content\"><div class=\"uagb-ifb-icon-wrap\"><div class=\"uagb-iconbox-icon-wrap uagb-infobox-shape-circle\"><svg xmlns=\"https:\/\/www.w3.org\/2000\/svg\" viewbox=\"0 0 448 512\"><path d=\"M438.6 105.4C451.1 117.9 451.1 138.1 438.6 150.6L182.6 406.6C170.1 419.1 149.9 419.1 137.4 406.6L9.372 278.6C-3.124 266.1-3.124 245.9 9.372 233.4C21.87 220.9 42.13 220.9 54.63 233.4L159.1 338.7L393.4 105.4C405.9 92.88 426.1 92.88 438.6 105.4H438.6z\"><\/path><\/svg><\/div><\/div><div class=\"uagb-ifb-title-wrap\"><h4 class=\"uagb-ifb-title\">\u0627\u0633\u062a\u0642\u0637\u0627\u0628 \u062a\u062f\u0641\u0642 \u0645\u0633\u062a\u0645\u0631 \u0645\u0646 \u0627\u0644\u0632\u0648\u0627\u0631 \u0627\u0644\u0645\u0624\u0647\u0644\u064a\u0646<\/h4><\/div><\/div><\/div>\n\n\n\n<div class=\"wp-block-uagb-info-box uagb-block-gpc4rjje uagb-infobox__content-wrap  uagb-infobox-icon-above-title uagb-infobox-image-valign-top\"><div class=\"uagb-ifb-content\"><div class=\"uagb-ifb-icon-wrap\"><div class=\"uagb-iconbox-icon-wrap uagb-infobox-shape-circle\"><svg xmlns=\"https:\/\/www.w3.org\/2000\/svg\" viewbox=\"0 0 448 512\"><path d=\"M438.6 105.4C451.1 117.9 451.1 138.1 438.6 150.6L182.6 406.6C170.1 419.1 149.9 419.1 137.4 406.6L9.372 278.6C-3.124 266.1-3.124 245.9 9.372 233.4C21.87 220.9 42.13 220.9 54.63 233.4L159.1 338.7L393.4 105.4C405.9 92.88 426.1 92.88 438.6 105.4H438.6z\"><\/path><\/svg><\/div><\/div><div class=\"uagb-ifb-title-wrap\"><h4 class=\"uagb-ifb-title\">\u0632\u064a\u0627\u062f\u0629 \u0627\u0644\u062a\u062d\u0648\u064a\u0644\u0627\u062a \u0648\u062a\u0639\u0632\u064a\u0632 \u0627\u0644\u0648\u0644\u0627\u0621 \u0645\u0646 \u062e\u0644\u0627\u0644 \u062a\u062d\u0633\u064a\u0646 \u062a\u062c\u0631\u0628\u0629 \u0627\u0644\u0645\u0633\u062a\u062e\u062f\u0645<\/h4><\/div><\/div><\/div>\n\n\n\n<div class=\"wp-block-uagb-info-box uagb-block-5e7ztx3w uagb-infobox__content-wrap  uagb-infobox-icon-above-title uagb-infobox-image-valign-top\"><div class=\"uagb-ifb-content\"><div class=\"uagb-ifb-icon-wrap\"><div class=\"uagb-iconbox-icon-wrap uagb-infobox-shape-circle\"><svg xmlns=\"https:\/\/www.w3.org\/2000\/svg\" viewbox=\"0 0 448 512\"><path d=\"M438.6 105.4C451.1 117.9 451.1 138.1 438.6 150.6L182.6 406.6C170.1 419.1 149.9 419.1 137.4 406.6L9.372 278.6C-3.124 266.1-3.124 245.9 9.372 233.4C21.87 220.9 42.13 220.9 54.63 233.4L159.1 338.7L393.4 105.4C405.9 92.88 426.1 92.88 438.6 105.4H438.6z\"><\/path><\/svg><\/div><\/div><div class=\"uagb-ifb-title-wrap\"><h4 class=\"uagb-ifb-title\">\u062a\u0639\u0632\u064a\u0632 \u0645\u0643\u0627\u0646\u0629 \u0634\u0631\u0643\u062a\u0643\u0645 \u0641\u064a \u0627\u0644\u0633\u0648\u0642 \u0648\u062a\u0631\u0633\u064a\u062e \u062a\u0641\u0648\u0642\u0647\u0627 \u0627\u0644\u062a\u0646\u0627\u0641\u0633\u064a<\/h4><\/div><\/div><\/div>\n<\/div>\n<\/div><\/div>","protected":false},"excerpt":{"rendered":"","protected":false},"author":1,"featured_media":0,"parent":0,"menu_order":0,"comment_status":"closed","ping_status":"closed","template":"","meta":{"_uag_custom_page_level_css":"","site-sidebar-layout":"default","site-content-layout":"","ast-site-content-layout":"normal-width-container","site-content-style":"unboxed","site-sidebar-style":"default","ast-global-header-display":"","ast-banner-title-visibility":"","ast-main-header-display":"","ast-hfb-above-header-display":"","ast-hfb-below-header-display":"","ast-hfb-mobile-header-display":"","site-post-title":"disabled","ast-breadcrumbs-content":"","ast-featured-img":"","footer-sml-layout":"","ast-disable-related-posts":"","theme-transparent-header-meta":"","adv-header-id-meta":"","stick-header-meta":"","header-above-stick-meta":"","header-main-stick-meta":"","header-below-stick-meta":"","astra-migrate-meta-layouts":"set","ast-page-background-enabled":"default","ast-page-background-meta":{"desktop":{"background-color":"var(--ast-global-color-5)","background-image":"","background-repeat":"repeat","background-position":"center center","background-size":"auto","background-attachment":"scroll","background-type":"","background-media":"","overlay-type":"","overlay-color":"","overlay-opacity":"","overlay-gradient":""},"tablet":{"background-color":"","background-image":"","background-repeat":"repeat","background-position":"center center","background-size":"auto","background-attachment":"scroll","background-type":"","background-media":"","overlay-type":"","overlay-color":"","overlay-opacity":"","overlay-gradient":""},"mobile":{"background-color":"","background-image":"","background-repeat":"repeat","background-position":"center center","background-size":"auto","background-attachment":"scroll","background-type":"","background-media":"","overlay-type":"","overlay-color":"","overlay-opacity":"","overlay-gradient":""}},"ast-content-background-meta":{"desktop":{"background-color":"var(--ast-global-color-4)","background-image":"","background-repeat":"repeat","background-position":"center center","background-size":"auto","background-attachment":"scroll","background-type":"","background-media":"","overlay-type":"","overlay-color":"","overlay-opacity":"","overlay-gradient":""},"tablet":{"background-color":"var(--ast-global-color-4)","background-image":"","background-repeat":"repeat","background-position":"center center","background-size":"auto","background-attachment":"scroll","background-type":"","background-media":"","overlay-type":"","overlay-color":"","overlay-opacity":"","overlay-gradient":""},"mobile":{"background-color":"var(--ast-global-color-4)","background-image":"","background-repeat":"repeat","background-position":"center center","background-size":"auto","background-attachment":"scroll","background-type":"","background-media":"","overlay-type":"","overlay-color":"","overlay-opacity":"","overlay-gradient":""}},"footnotes":""},"class_list":["post-1211","page","type-page","status-publish","hentry"],"aioseo_notices":[],"uagb_featured_image_src":{"full":false,"thumbnail":false,"medium":false,"medium_large":false,"large":false,"1536x1536":false,"2048x2048":false,"trp-custom-language-flag":false},"uagb_author_info":{"display_name":"elhaddaji.iliass@gmail.com","author_link":"https:\/\/the54digital.com\/ar\/author\/elhaddaji-iliassgmail-com\/"},"uagb_comment_info":0,"uagb_excerpt":null,"_links":{"self":[{"href":"https:\/\/the54digital.com\/ar\/wp-json\/wp\/v2\/pages\/1211"}],"collection":[{"href":"https:\/\/the54digital.com\/ar\/wp-json\/wp\/v2\/pages"}],"about":[{"href":"https:\/\/the54digital.com\/ar\/wp-json\/wp\/v2\/types\/page"}],"author":[{"embeddable":true,"href":"https:\/\/the54digital.com\/ar\/wp-json\/wp\/v2\/users\/1"}],"replies":[{"embeddable":true,"href":"https:\/\/the54digital.com\/ar\/wp-json\/wp\/v2\/comments?post=1211"}],"version-history":[{"count":16,"href":"https:\/\/the54digital.com\/ar\/wp-json\/wp\/v2\/pages\/1211\/revisions"}],"predecessor-version":[{"id":1700,"href":"https:\/\/the54digital.com\/ar\/wp-json\/wp\/v2\/pages\/1211\/revisions\/1700"}],"wp:attachment":[{"href":"https:\/\/the54digital.com\/ar\/wp-json\/wp\/v2\/media?parent=1211"}],"curies":[{"name":"wp","href":"https:\/\/api.w.org\/{rel}","templated":true}]}}