{"id":1208,"date":"2024-10-24T12:58:14","date_gmt":"2024-10-24T12:58:14","guid":{"rendered":"https:\/\/the54digital.com\/?page_id=1208"},"modified":"2024-11-27T18:01:01","modified_gmt":"2024-11-27T18:01:01","slug":"referencement-payant","status":"publish","type":"page","link":"https:\/\/the54digital.com\/ar\/referencement-payant\/","title":{"rendered":"R\u00e9f\u00e9rencement Payant"},"content":{"rendered":"<div class=\"wp-block-uagb-container uagb-block-aeezsx6y alignfull uagb-is-root-container\"><div class=\"uagb-container-inner-blocks-wrap\">\n<div class=\"wp-block-uagb-info-box uagb-block-l2t1zz3y uagb-infobox__content-wrap  uagb-infobox-icon-above-title uagb-infobox-image-valign-top\"><div class=\"uagb-ifb-content\"><div class=\"uagb-ifb-title-wrap\"><span class=\"uagb-ifb-title-prefix\"><strong><br><br>Maximisez Votre Visibilit\u00e9 en Ligne avec le R\u00e9f\u00e9rencement Payant<\/strong><br><\/span><h1 class=\"uagb-ifb-title\">\u0639\u0632\u0651\u0632\u0648\u0627 \u0638\u0647\u0648\u0631\u0643\u0645 \u0639\u0644\u0649 \u0627\u0644\u0625\u0646\u062a\u0631\u0646\u062a \u0628\u0627\u0633\u062a\u062e\u062f\u0627\u0645 \u0627\u0644\u062a\u0633\u0648\u064a\u0642 \u0639\u0628\u0631 \u0645\u062d\u0631\u0643\u0627\u062a \u0627\u0644\u0628\u062d\u062b (SEA)<\/h1><\/div><\/div><\/div>\n<\/div><\/div>\n\n\n\n<div class=\"wp-block-uagb-container uagb-block-8a451bea alignfull uagb-is-root-container\"><div class=\"uagb-container-inner-blocks-wrap\">\n<div class=\"wp-block-uagb-info-box uagb-block-dc403bbc uagb-infobox__content-wrap  uagb-infobox-icon-above-title uagb-infobox-image-valign-top\"><div class=\"uagb-ifb-content\"><div class=\"uagb-ifb-title-wrap\"><h2 class=\"uagb-ifb-title\"><strong>\u0644\u0645\u0627\u0630\u0627 \u064a\u0639\u062f \u0627\u062e\u062a\u064a\u0627\u0631 \u0627\u0644\u062a\u0633\u0648\u064a\u0642 \u0639\u0628\u0631 \u0645\u062d\u0631\u0643\u0627\u062a \u0627\u0644\u0628\u062d\u062b \u0627\u0644\u0645\u062f\u0641\u0648\u0639\u0629 \u0645\u0647\u0645\u0627\u064b\u061f<\/strong><\/h2><\/div><p class=\"uagb-ifb-desc\">\u0641\u064a \u0633\u064a\u0627\u0642 \u062a\u0628\u062f\u0623 \u0641\u064a\u0647 \u0645\u0639\u0638\u0645 \u0645\u0633\u0627\u0631\u0627\u062a \u0627\u0644\u0639\u0645\u0644\u0627\u0621 \u0628\u0627\u0644\u0628\u062d\u062b \u0639\u0628\u0631 \u0627\u0644\u0625\u0646\u062a\u0631\u0646\u062a\u060c \u0623\u0635\u0628\u062d \u0627\u0644\u062a\u0633\u0648\u064a\u0642 \u0627\u0644\u0631\u0642\u0645\u064a \u0623\u062f\u0627\u0629 \u062d\u064a\u0648\u064a\u0629 \u0644\u062a\u0639\u0632\u064a\u0632 \u0627\u0644\u0638\u0647\u0648\u0631. \u0645\u0646 \u062e\u0644\u0627\u0644 \u0627\u062e\u062a\u064a\u0627\u0631 \u062d\u0645\u0644\u0627\u062a \u0627\u0644\u062a\u0633\u0648\u064a\u0642 \u0639\u0628\u0631 \u0645\u062d\u0631\u0643\u0627\u062a \u0627\u0644\u0628\u062d\u062b \u0627\u0644\u0645\u062f\u0641\u0648\u0639\u0629 \u060c \u0648\u062e\u0627\u0635\u0629 \u0639\u0628\u0631 Google Ads\u060c \u062a\u0636\u0645\u0646\u0648\u0646 \u0627\u0644\u0648\u0635\u0648\u0644 \u0627\u0644\u0645\u0628\u0627\u0634\u0631 \u0625\u0644\u0649 \u0627\u0644\u0645\u0633\u062a\u062e\u062f\u0645\u064a\u0646 \u0627\u0644\u0628\u0627\u062d\u062b\u064a\u0646 \u0628\u062c\u062f\u064a\u0629 \u0639\u0646 \u0645\u0646\u062a\u062c\u0627\u062a \u0623\u0648 \u062e\u062f\u0645\u0627\u062a \u0645\u0634\u0627\u0628\u0647\u0629 \u0644\u0645\u0627 \u062a\u0642\u062f\u0645\u0648\u0646\u0647.<\/p><\/div><\/div>\n<\/div><\/div>\n\n\n\n<div class=\"wp-block-uagb-container uagb-block-fad0b08a alignfull uagb-is-root-container\"><div class=\"uagb-container-inner-blocks-wrap\">\n<div class=\"wp-block-uagb-container uagb-block-784187d5\">\n<div class=\"wp-block-uagb-image uagb-block-4999e794 wp-block-uagb-image--layout-default wp-block-uagb-image--effect-static wp-block-uagb-image--align-none\"><figure class=\"wp-block-uagb-image__figure\"><img decoding=\"async\" srcset=\"https:\/\/the54digital.com\/wp-content\/uploads\/2024\/11\/71586ab3e90e6bd3f157d048c578a809.jpg ,https:\/\/the54digital.com\/wp-content\/uploads\/2024\/11\/71586ab3e90e6bd3f157d048c578a809.jpg 780w, https:\/\/the54digital.com\/wp-content\/uploads\/2024\/11\/71586ab3e90e6bd3f157d048c578a809.jpg 360w\" sizes=\"(max-width: 480px) 150px\" src=\"https:\/\/the54digital.com\/wp-content\/uploads\/2024\/11\/71586ab3e90e6bd3f157d048c578a809.jpg\" alt=\"\" class=\"uag-image-1505\" width=\"567\" height=\"299\" title=\"71586ab3e90e6bd3f157d048c578a809\" loading=\"lazy\" role=\"img\"\/><\/figure><\/div>\n<\/div>\n\n\n\n<div class=\"wp-block-uagb-container uagb-block-85cc40fb\">\n<div class=\"wp-block-uagb-info-box uagb-block-e9f7a938 uagb-infobox__content-wrap  uagb-infobox-icon-above-title uagb-infobox-image-valign-top\"><div class=\"uagb-ifb-content\"><div class=\"uagb-ifb-title-wrap\"><h2 class=\"uagb-ifb-title\">\u0641\u0648\u0627\u0626\u062f Google Ads \u0644\u062d\u0645\u0644\u0627\u062a\u0643\u0645 \u0627\u0644\u0625\u0639\u0644\u0627\u0646\u064a\u0629<\/h2><\/div><p class=\"uagb-ifb-desc\">\u062a\u062a\u0645\u064a\u0632 \u0645\u0646\u0635\u0629 Google Ads \u0628\u0642\u062f\u0631\u062a\u0647\u0627 \u0639\u0644\u0649 \u0627\u0644\u0648\u0635\u0648\u0644 \u0625\u0644\u0649 \u062c\u0645\u0647\u0648\u0631 \u0648\u0627\u0633\u0639\u060c \u0644\u064a\u0633 \u0641\u0642\u0637 \u0645\u0646 \u062e\u0644\u0627\u0644 \u0646\u062a\u0627\u0626\u062c \u0627\u0644\u0628\u062d\u062b\u060c \u0628\u0644 \u0623\u064a\u0636\u0627\u064b \u0639\u0628\u0631 \u0645\u0646\u0635\u0627\u062a \u0645\u062b\u0644 YouTube \u0648Gmail. \u0648\u0645\u0639 \u0627\u0633\u062a\u062d\u0648\u0627\u0630\u0647\u0627 \u0639\u0644\u0649 \u0623\u0643\u062b\u0631 \u0645\u0646 90% \u0645\u0646 \u062d\u0635\u0629 \u0627\u0644\u0633\u0648\u0642\u060c \u062a\u062a\u064a\u062d \u0644\u0643\u0645 Google Ads \u0627\u0633\u062a\u0647\u062f\u0627\u0641 \u0639\u0645\u0644\u0627\u0626\u0643\u0645 \u0627\u0644\u0645\u062d\u062a\u0645\u0644\u064a\u0646 \u0628\u062f\u0642\u0629 \u0627\u0633\u062a\u0646\u0627\u062f\u0627\u064b \u0625\u0644\u0649 \u0646\u0648\u0627\u064a\u0627 \u0627\u0644\u0628\u062d\u062b \u0644\u062f\u064a\u0647\u0645\u060c \u0645\u0645\u0627 \u064a\u0639\u0632\u0632 \u062a\u0623\u062b\u064a\u0631 \u0631\u0633\u0627\u0626\u0644\u0643\u0645 \u0628\u0634\u0643\u0644 \u0645\u0644\u062d\u0648\u0638.<\/p><\/div><\/div>\n<\/div>\n<\/div><\/div>\n\n\n\n<div class=\"wp-block-uagb-container uagb-block-ea6b79b3 alignfull uagb-is-root-container\"><div class=\"uagb-container-inner-blocks-wrap\">\n<div class=\"wp-block-uagb-info-box uagb-block-92f380f1 uagb-infobox__content-wrap  uagb-infobox-icon-above-title uagb-infobox-image-valign-top\"><div class=\"uagb-ifb-content\"><div class=\"uagb-ifb-title-wrap\"><h2 class=\"uagb-ifb-title\"><strong>\u0622\u0644\u064a\u0629 \u0627\u0644\u062a\u0633\u0648\u064a\u0642 \u0639\u0628\u0631 \u0645\u062d\u0631\u0643\u0627\u062a \u0627\u0644\u0628\u062d\u062b \u0627\u0644\u0645\u062f\u0641\u0648\u0639\u0629 (SEA)<\/strong><\/h2><\/div><p class=\"uagb-ifb-desc\">\u064a\u0642\u0648\u0645 \u0627\u0644\u062a\u0633\u0648\u064a\u0642 \u0639\u0628\u0631 \u0645\u062d\u0631\u0643\u0627\u062a \u0627\u0644\u0628\u062d\u062b \u0627\u0644\u0645\u062f\u0641\u0648\u0639\u0629 \u0639\u0644\u0649 \u0646\u0638\u0627\u0645 \u0634\u0631\u0627\u0621 \u0627\u0644\u0643\u0644\u0645\u0627\u062a \u0627\u0644\u0645\u0641\u062a\u0627\u062d\u064a\u0629 \u0648\u0627\u0639\u062a\u0645\u0627\u062f \u0646\u0645\u0648\u0630\u062c \u062a\u0643\u0644\u0641\u0629 \u0644\u0643\u0644 \u0646\u0642\u0631\u0629 (CPC)\u060c \u0645\u0645\u0627 \u064a\u0639\u0646\u064a \u0623\u0646\u0643\u0645 \u062a\u062f\u0641\u0639\u0648\u0646 \u0641\u0642\u0637 \u0639\u0646\u062f \u0642\u064a\u0627\u0645 \u0627\u0644\u0645\u0633\u062a\u062e\u062f\u0645 \u0628\u0627\u0644\u0646\u0642\u0631 \u0639\u0644\u0649 \u0625\u0639\u0644\u0627\u0646\u0643\u0645. \u064a\u0639\u062f \u0627\u062e\u062a\u064a\u0627\u0631 \u0627\u0644\u0643\u0644\u0645\u0627\u062a \u0627\u0644\u0645\u0641\u062a\u0627\u062d\u064a\u0629 \u0627\u0644\u0645\u0644\u0627\u0626\u0645\u0629 \u0644\u0646\u0634\u0627\u0637\u0643\u0645 \u062e\u0637\u0648\u0629 \u062c\u0648\u0647\u0631\u064a\u0629\u060c \u062d\u064a\u062b \u062a\u064f\u0633\u062a\u062e\u062f\u0645 \u0647\u0630\u0647 \u0627\u0644\u0643\u0644\u0645\u0627\u062a \u0644\u0625\u0646\u0634\u0627\u0621 \u0625\u0639\u0644\u0627\u0646\u0627\u062a \u0645\u0633\u062a\u0647\u062f\u0641\u0629 \u062a\u0648\u062c\u0647 \u0627\u0644\u0632\u0648\u0627\u0631 \u0625\u0644\u0649 \u0635\u0641\u062d\u0627\u062a \u0647\u0628\u0648\u0637 \u0645\u062d\u0633\u0651\u0646\u0629 \u062a\u0645 \u062a\u0635\u0645\u064a\u0645\u0647\u0627 \u0628\u0639\u0646\u0627\u064a\u0629 \u0644\u062a\u062d\u0642\u064a\u0642 \u0623\u0639\u0644\u0649 \u0645\u0639\u062f\u0644\u0627\u062a \u0627\u0644\u062a\u062d\u0648\u064a\u0644.<\/p><\/div><\/div>\n\n\n\n<div class=\"wp-block-uagb-info-box uagb-block-213c1f08 uagb-infobox__content-wrap  uagb-infobox-icon-above-title uagb-infobox-image-valign-top\"><div class=\"uagb-ifb-content\"><div class=\"uagb-ifb-title-wrap\"><h3 class=\"uagb-ifb-title\"><strong>\u0627\u0644\u0639\u0646\u0627\u0635\u0631 \u0627\u0644\u0623\u0633\u0627\u0633\u064a\u0629 \u0644\u062d\u0645\u0644\u0629 \u0646\u0627\u062c\u062d\u0629<\/strong><\/h3><\/div><p class=\"uagb-ifb-desc\">\u0644\u0636\u0645\u0627\u0646 \u0641\u0639\u0627\u0644\u064a\u0629 \u0627\u0633\u062a\u0631\u0627\u062a\u064a\u062c\u064a\u0629 \u0627\u0644\u062a\u0633\u0648\u064a\u0642 \u0639\u0628\u0631 \u0645\u062d\u0631\u0643\u0627\u062a \u0627\u0644\u0628\u062d\u062b \u0627\u0644\u0645\u062f\u0641\u0648\u0639\u0629 (SEA)\u060c \u064a\u062c\u0628 \u0645\u0631\u0627\u0639\u0627\u0629 \u0627\u0644\u0646\u0642\u0627\u0637 \u0627\u0644\u0623\u0633\u0627\u0633\u064a\u0629 \u0627\u0644\u062a\u0627\u0644\u064a\u0629 :<\/p><\/div><\/div>\n\n\n\n<div class=\"wp-block-uagb-content-timeline uagb-timeline__outer-wrap uagb-block-01f405ab uagb-timeline__content-wrap uagb-timeline__center-block  uagb-timeline__arrow-top uagb-timeline\">\n<article class=\"wp-block-uagb-content-timeline-child uagb-timeline__field uagb-timeline-child-381daddc uagb-timeline__right\"><div class=\"uagb-timeline__marker out-view-uagb-timeline__icon\"><svg xmlns=\"\" viewbox=\"0 0 256 512\"><\/svg><\/div><div class=\"uagb-timeline__day-new uagb-timeline__day-right uagb-timeline__events-inner-new\"><div class=\"uagb-timeline__events-inner--content\"><h4 class=\"uagb-timeline__heading\">\u062a\u062d\u062f\u064a\u062f \u0627\u0644\u0643\u0644\u0645\u0627\u062a \u0627\u0644\u0645\u0641\u062a\u0627\u062d\u064a\u0629<\/h4><p class=\"uagb-timeline-desc-content\">\u0627\u062e\u062a\u064a\u0627\u0631 \u0643\u0644\u0645\u0627\u062a \u062f\u0642\u064a\u0642\u0629 \u062a\u062a\u0646\u0627\u0633\u0628 \u0645\u0639 \u062c\u0645\u0647\u0648\u0631\u0643\u0645 \u0627\u0644\u0645\u0633\u062a\u0647\u062f\u0641.<\/p><div class=\"uagb-timeline__arrow\"><\/div><\/div><\/div><div class=\"uagb-timeline__date-new\"><\/div><\/article>\n\n\n\n<article class=\"wp-block-uagb-content-timeline-child uagb-timeline__field uagb-timeline-child-6350b9b3 uagb-timeline__left\"><div class=\"uagb-timeline__marker out-view-uagb-timeline__icon\"><svg xmlns=\"\" viewbox=\"0 0 256 512\"><\/svg><\/div><div class=\"uagb-timeline__day-new uagb-timeline__day-left uagb-timeline__events-inner-new\"><div class=\"uagb-timeline__events-inner--content\"><h4 class=\"uagb-timeline__heading\">\u0625\u0646\u0634\u0627\u0621 \u0627\u0644\u0625\u0639\u0644\u0627\u0646\u0627\u062a<\/h4><p class=\"uagb-timeline-desc-content\">\u0635\u064a\u0627\u063a\u0629 \u0631\u0633\u0627\u0626\u0644 \u062c\u0630\u0627\u0628\u0629 \u062a\u062a\u0645\u0627\u0634\u0649 \u0645\u0639 \u0645\u0639\u0627\u064a\u064a\u0631 \u0627\u0644\u0645\u0646\u0635\u0629 \u0627\u0644\u0645\u0633\u062a\u062e\u062f\u0645\u0629.<\/p><div class=\"uagb-timeline__arrow\"><\/div><\/div><\/div><div class=\"uagb-timeline__date-new\"><\/div><\/article>\n\n\n\n<article class=\"wp-block-uagb-content-timeline-child uagb-timeline__field uagb-timeline-child-dd61aa37 uagb-timeline__right\"><div class=\"uagb-timeline__marker out-view-uagb-timeline__icon\"><svg xmlns=\"\" viewbox=\"0 0 256 512\"><\/svg><\/div><div class=\"uagb-timeline__day-new uagb-timeline__day-right uagb-timeline__events-inner-new\"><div class=\"uagb-timeline__events-inner--content\"><h4 class=\"uagb-timeline__heading\">\u062a\u062d\u0633\u064a\u0646 \u0635\u0641\u062d\u0627\u062a \u0627\u0644\u0647\u0628\u0648\u0637<\/h4><p class=\"uagb-timeline-desc-content\">\u062a\u0642\u062f\u064a\u0645 \u0645\u062d\u062a\u0648\u0649 \u0645\u0645\u064a\u0632 \u0645\u0631\u062a\u0628\u0637 \u0645\u0628\u0627\u0634\u0631\u0629 \u0628\u0625\u0639\u0644\u0627\u0646\u0627\u062a\u0643\u0645 \u0644\u062a\u062d\u0642\u064a\u0642 \u0623\u0642\u0635\u0649 \u0645\u0639\u062f\u0644\u0627\u062a \u0627\u0644\u062a\u062d\u0648\u064a\u0644.<\/p><div class=\"uagb-timeline__arrow\"><\/div><\/div><\/div><div class=\"uagb-timeline__date-new\"><\/div><\/article>\n<div class=\"uagb-timeline__line\"><div class=\"uagb-timeline__line__inner\"><\/div><\/div><\/div>\n\n\n\n<div class=\"wp-block-uagb-info-box uagb-block-6a729fc9 uagb-infobox__content-wrap  uagb-infobox-icon-above-title uagb-infobox-image-valign-top\"><div class=\"uagb-ifb-content\"><div class=\"uagb-ifb-title-wrap\"><\/div><p class=\"uagb-ifb-desc\">\u0648\u0631\u063a\u0645 \u0623\u0646 Google Ads \u062a\u064f\u0639\u062f \u0627\u0644\u0645\u0646\u0635\u0629 \u0627\u0644\u0623\u0643\u062b\u0631 \u0627\u0633\u062a\u062e\u062f\u0627\u0645\u0627\u064b\u060c \u0625\u0644\u0627 \u0623\u0646 \u0628\u062f\u0627\u0626\u0644 \u0645\u062b\u0644 Bing Ads \u062a\u0648\u0641\u0631 \u0623\u064a\u0636\u0627\u064b \u0641\u0631\u0635\u0627\u064b \u0642\u064a\u0645\u0629.<\/p><\/div><\/div>\n<\/div><\/div>\n\n\n\n<div class=\"wp-block-uagb-container uagb-block-67f27b06 alignfull uagb-is-root-container\"><div class=\"uagb-container-inner-blocks-wrap\">\n<div class=\"wp-block-uagb-info-box uagb-block-4fa9988b uagb-infobox__content-wrap  uagb-infobox-icon-above-title uagb-infobox-image-valign-top\"><div class=\"uagb-ifb-content\"><div class=\"uagb-ifb-title-wrap\"><h4 class=\"uagb-ifb-title-prefix\">54 Digital<\/h4><h2 class=\"uagb-ifb-title\"><strong>\u0634\u0631\u064a\u0643\u0643\u0645 \u0644\u0625\u062f\u0627\u0631\u0629 \u062d\u0645\u0644\u0627\u062a \u0627\u0644\u062a\u0633\u0648\u064a\u0642 \u0627\u0644\u0645\u062b\u0644\u0649 \u0639\u0628\u0631 \u0645\u062d\u0631\u0643\u0627\u062a<br>\u0627\u0644\u0628\u062d\u062b \u0627\u0644\u0645\u062f\u0641\u0648\u0639\u0629 (SEA) <\/strong><\/h2><\/div><p class=\"uagb-ifb-desc\">\u0628\u0635\u0641\u062a\u0647\u0627 \u0634\u0631\u064a\u0643\u0627\u064b \u0645\u0639\u062a\u0645\u062f\u0627\u064b \u0645\u0646 Google\u060c \u062a\u0642\u062f\u0645 \u0644\u0643\u0645  54DIGITAL \u0641\u0631\u064a\u0642\u0627\u064b \u0645\u0646 \u0627\u0644\u0645\u062a\u062e\u0635\u0635\u064a\u0646 \u0644\u062a\u0635\u0645\u064a\u0645 \u062d\u0645\u0644\u0627\u062a \u062a\u0633\u0648\u064a\u0642 \u0645\u062f\u0641\u0648\u0639\u0629 \u0639\u0628\u0631 \u0645\u062d\u0631\u0643\u0627\u062a \u0627\u0644\u0628\u062d\u062b (SEA) \u062a\u062a\u0645\u0627\u0634\u0649 \u062a\u0645\u0627\u0645\u0627\u064b \u0645\u0639 \u0623\u0647\u062f\u0627\u0641\u0643\u0645. \u062d\u064a\u062b \u0646\u0631\u0627\u0642\u0628 \u0623\u062f\u0627\u0621 \u062d\u0645\u0644\u0627\u062a\u0643\u0645 \u0628\u0627\u0633\u062a\u0645\u0631\u0627\u0631 \u0648\u0646\u062c\u0631\u064a \u0627\u0644\u062a\u0639\u062f\u064a\u0644\u0627\u062a \u0627\u0644\u0644\u0627\u0632\u0645\u0629 \u0644\u0636\u0645\u0627\u0646 \u062a\u062d\u0642\u064a\u0642 \u0639\u0627\u0626\u062f \u0627\u0633\u062a\u062b\u0645\u0627\u0631 \u0645\u062b\u0627\u0644\u064a.<\/p><\/div><\/div>\n<\/div><\/div>\n\n\n\n<p><\/p>","protected":false},"excerpt":{"rendered":"","protected":false},"author":1,"featured_media":0,"parent":0,"menu_order":0,"comment_status":"closed","ping_status":"closed","template":"","meta":{"_uag_custom_page_level_css":"","site-sidebar-layout":"default","site-content-layout":"","ast-site-content-layout":"normal-width-container","site-content-style":"unboxed","site-sidebar-style":"default","ast-global-header-display":"","ast-banner-title-visibility":"","ast-main-header-display":"","ast-hfb-above-header-display":"","ast-hfb-below-header-display":"","ast-hfb-mobile-header-display":"","site-post-title":"disabled","ast-breadcrumbs-content":"","ast-featured-img":"","footer-sml-layout":"","ast-disable-related-posts":"","theme-transparent-header-meta":"","adv-header-id-meta":"","stick-header-meta":"","header-above-stick-meta":"","header-main-stick-meta":"","header-below-stick-meta":"","astra-migrate-meta-layouts":"set","ast-page-background-enabled":"default","ast-page-background-meta":{"desktop":{"background-color":"var(--ast-global-color-5)","background-image":"","background-repeat":"repeat","background-position":"center center","background-size":"auto","background-attachment":"scroll","background-type":"","background-media":"","overlay-type":"","overlay-color":"","overlay-opacity":"","overlay-gradient":""},"tablet":{"background-color":"","background-image":"","background-repeat":"repeat","background-position":"center center","background-size":"auto","background-attachment":"scroll","background-type":"","background-media":"","overlay-type":"","overlay-color":"","overlay-opacity":"","overlay-gradient":""},"mobile":{"background-color":"","background-image":"","background-repeat":"repeat","background-position":"center center","background-size":"auto","background-attachment":"scroll","background-type":"","background-media":"","overlay-type":"","overlay-color":"","overlay-opacity":"","overlay-gradient":""}},"ast-content-background-meta":{"desktop":{"background-color":"var(--ast-global-color-4)","background-image":"","background-repeat":"repeat","background-position":"center center","background-size":"auto","background-attachment":"scroll","background-type":"","background-media":"","overlay-type":"","overlay-color":"","overlay-opacity":"","overlay-gradient":""},"tablet":{"background-color":"var(--ast-global-color-4)","background-image":"","background-repeat":"repeat","background-position":"center center","background-size":"auto","background-attachment":"scroll","background-type":"","background-media":"","overlay-type":"","overlay-color":"","overlay-opacity":"","overlay-gradient":""},"mobile":{"background-color":"var(--ast-global-color-4)","background-image":"","background-repeat":"repeat","background-position":"center center","background-size":"auto","background-attachment":"scroll","background-type":"","background-media":"","overlay-type":"","overlay-color":"","overlay-opacity":"","overlay-gradient":""}},"footnotes":""},"class_list":["post-1208","page","type-page","status-publish","hentry"],"aioseo_notices":[],"uagb_featured_image_src":{"full":false,"thumbnail":false,"medium":false,"medium_large":false,"large":false,"1536x1536":false,"2048x2048":false,"trp-custom-language-flag":false},"uagb_author_info":{"display_name":"elhaddaji.iliass@gmail.com","author_link":"https:\/\/the54digital.com\/ar\/author\/elhaddaji-iliassgmail-com\/"},"uagb_comment_info":0,"uagb_excerpt":null,"_links":{"self":[{"href":"https:\/\/the54digital.com\/ar\/wp-json\/wp\/v2\/pages\/1208"}],"collection":[{"href":"https:\/\/the54digital.com\/ar\/wp-json\/wp\/v2\/pages"}],"about":[{"href":"https:\/\/the54digital.com\/ar\/wp-json\/wp\/v2\/types\/page"}],"author":[{"embeddable":true,"href":"https:\/\/the54digital.com\/ar\/wp-json\/wp\/v2\/users\/1"}],"replies":[{"embeddable":true,"href":"https:\/\/the54digital.com\/ar\/wp-json\/wp\/v2\/comments?post=1208"}],"version-history":[{"count":18,"href":"https:\/\/the54digital.com\/ar\/wp-json\/wp\/v2\/pages\/1208\/revisions"}],"predecessor-version":[{"id":1699,"href":"https:\/\/the54digital.com\/ar\/wp-json\/wp\/v2\/pages\/1208\/revisions\/1699"}],"wp:attachment":[{"href":"https:\/\/the54digital.com\/ar\/wp-json\/wp\/v2\/media?parent=1208"}],"curies":[{"name":"wp","href":"https:\/\/api.w.org\/{rel}","templated":true}]}}